{"id":24856,"date":"2024-10-01T15:49:04","date_gmt":"2024-10-01T15:49:04","guid":{"rendered":"https:\/\/axlac.ch\/?post_type=product&#038;p=24856"},"modified":"2026-04-16T08:59:15","modified_gmt":"2026-04-16T08:59:15","slug":"lp1x-barcode-label-printer","status":"publish","type":"product","link":"https:\/\/axlac.ch\/fr\/product\/lp1x-barcode-label-printer\/","title":{"rendered":"Imprimante d&#039;\u00e9tiquettes de codes-barres LP1X"},"content":{"rendered":"<div data-elementor-type=\"wp-post\" data-elementor-id=\"24856\" class=\"elementor elementor-24856\">\n\t\t\t\t\t\t<section class=\"wd-negative-gap elementor-section elementor-top-section elementor-element elementor-element-f2a068b elementor-section-boxed elementor-section-height-default elementor-section-height-default\" data-id=\"f2a068b\" data-element_type=\"section\">\n\t\t\t\t\t\t<div class=\"elementor-container elementor-column-gap-default\">\n\t\t\t\t\t<div class=\"elementor-column elementor-col-100 elementor-top-column elementor-element elementor-element-e913923\" data-id=\"e913923\" data-element_type=\"column\">\n\t\t\t<div class=\"elementor-widget-wrap elementor-element-populated\">\n\t\t\t\t\t\t<div class=\"elementor-element elementor-element-a7d9577 wd-width-100 elementor-widget elementor-widget-wd_title\" data-id=\"a7d9577\" data-element_type=\"widget\" data-widget_type=\"wd_title.default\">\n\t\t\t\t<div class=\"elementor-widget-container\">\n\t\t\t\t\t\t\t<div class=\"title-wrapper wd-set-mb reset-last-child wd-title-color-default wd-title-style-underlined wd-title-size-default text-center\">\n\n\t\t\t\n\t\t\t<div class=\"liner-continer\">\n\t\t\t\t<h4 class=\"woodmart-title-container title wd-fontsize-l wd-underline-colored\">Puces<\/h4> \n\t\t\t\t\t\t\t<\/div>\n\n\t\t\t\t\t<\/div>\n\t\t\t\t\t\t<\/div>\n\t\t\t\t<\/div>\n\t\t\t\t<div class=\"elementor-element elementor-element-35d06cf color-scheme-inherit text-left elementor-widget elementor-widget-text-editor\" data-id=\"35d06cf\" data-element_type=\"widget\" data-widget_type=\"text-editor.default\">\n\t\t\t\t<div class=\"elementor-widget-container\">\n\t\t\t\t\t\t\t\t\t<p><strong>Caract\u00e9ristiques uniques<\/strong><\/p><ul><li>\u00c9change le mat\u00e9riel avec les serveurs directement via le protocole de service Web Jason et peut \u00eatre utilis\u00e9 dans la production d&#039;impression d&#039;\u00e9tiquettes ou pour le fonctionnement du<\/li><li>Les \u00e9tiquettes de tra\u00e7abilit\u00e9 peuvent \u00eatre utilis\u00e9es dans le serveur de tra\u00e7abilit\u00e9 bas\u00e9 sur le cloud.<\/li><li>La carte SD peut stocker des informations sur les \u00e9l\u00e9ments, l&#039;arri\u00e8re-plan de l&#039;\u00e9tiquette, etc.<\/li><li>72 touches d&#039;acc\u00e8s rapide PCS programmables (36*2) et 4 touches de fonction PCS. Possibilit\u00e9 de r\u00e9p\u00e9ter l&#039;impression de la m\u00eame \u00e9tiquette \u00e0 l&#039;aide de la touche de fonction &#039;COPIER&#039;.<\/li><li>Vous permet de travailler de mani\u00e8re autonome sans PC. Convient pour imprimer des \u00e9tiquettes d&#039;emballage dans un format fixe mais avec une date et un nom PLU diff\u00e9rents.<\/li><li>Diff\u00e9rents fonds d&#039;\u00e9tiquettes peuvent \u00eatre t\u00e9l\u00e9charg\u00e9s depuis le PC (d\u00e9j\u00e0 \u00e9dit\u00e9s sur le PC via LINK64), l&#039;impression est accessible \u00e0 tout moment \u00e0 l&#039;aide des touches de raccourci ou du num\u00e9ro d&#039;article.<\/li><li>Int\u00e9gration d&#039;un syst\u00e8me d&#039;auto-emballage avec une balance num\u00e9rique\u00a0; pour emballer des marchandises en collant des \u00e9tiquettes de codes-barres (code EAN13 avec poids, 18 codes avec poids, informations sur le prix total.) pour l&#039;inventaire ou les ventes de mani\u00e8re simple.<\/li><li>Clavier innovant, amovible et renouvelable (brevet\u00e9, 36*2 touches), facilement rempla\u00e7able. La disposition du clavier peut \u00eatre facilement modifi\u00e9e avec le logiciel PC et imprim\u00e9e instantan\u00e9ment, permettant au caissier de faire fonctionner la machine de mani\u00e8re experte avec une seule frappe sans avoir \u00e0 m\u00e9moriser et \u00e0 saisir le num\u00e9ro de pi\u00e8ce \u00e0 plusieurs chiffres.<\/li><li>Le prix unitaire, le poids et le num\u00e9ro de lot peuvent \u00eatre modifi\u00e9s selon les exigences du client.<\/li><li>Le port RS232\/PS2 est pr\u00eat pour la connexion au scanner.<\/li><li>Le type de papier sans doublure peut non seulement aider les clients \u00e0 r\u00e9duire leurs co\u00fbts en d\u00e9pensant moins en mat\u00e9riaux et en stockage, mais \u00e9galement en<\/li><li>Augmentez l&#039;efficacit\u00e9 du travail en r\u00e9duisant le temps de changement des rouleaux, car le papier sans doublure peut contenir deux fois plus de num\u00e9ros de papier que le papier ordinaire.<\/li><li>Il ne se d\u00e9colore pas pendant plus de 30 ans et peut remplacer l&#039;imprimante carbone, qui pr\u00e9sente les inconv\u00e9nients d&#039;\u00eatre ch\u00e8re, de prendre trop de place et de ne pas \u00eatre respectueuse de l&#039;environnement si l&#039;on choisit le papier thermique produit par Pinnacle.<\/li><\/ul><p><b>Excellentes fonctionnalit\u00e9s<\/b><\/p><ul><li>Prise en charge de l&#039;impression de code bidimensionnel.<\/li><li>Avec le logiciel de conception d&#039;\u00e9tiquettes, vous pouvez concevoir des \u00e9tiquettes dans des tailles de 30*30~56*109 mm (2 pouces) ou 72*109 mm (3 pouces).<\/li><li>Structure papier avec d\u00e9foliation automatique et impression continue.<\/li><li>Avec une \u00e9chelle de calcul pour concevoir l&#039;enroulement automatique d&#039;\u00e9tiquettes (avec fonction de communication) pour int\u00e9grer un syst\u00e8me d&#039;auto-emballage.<\/li><li>Prise en charge UNICODE, compatible avec les logiciels d&#039;arri\u00e8re-plan NT, UNIX et Internet.<\/li><li>Prend en charge une vari\u00e9t\u00e9 de polices de diff\u00e9rents pays sur l&#039;\u00e9tiquette, qui peuvent \u00eatre s\u00e9lectionn\u00e9es et t\u00e9l\u00e9charg\u00e9es apr\u00e8s \u00e9dition sur PC.<\/li><li>La t\u00eate thermique peut \u00eatre utilis\u00e9e 2 \u00e0 3 fois plus longtemps que les t\u00eates normales car sa densit\u00e9 d&#039;impression peut \u00eatre ajust\u00e9e en fonction de la sensibilit\u00e9 du papier d&#039;\u00e9tiquette et prend en charge la compensation automatique de temp\u00e9rature et de tension. Les imprimantes peuvent charger 1 000 morceaux de papier pour \u00e9tiquettes (60*40 mm), bien mieux que les autres fabricants qui ne peuvent charger que 800 morceaux de papier pour \u00e9tiquettes.<\/li><li>L&#039;\u00e9cran graphique LCD 65*132 affiche le nom des marchandises, le prix, le poids, la quantit\u00e9 et d&#039;autres informations d\u00e9taill\u00e9es.<\/li><\/ul><p><strong>Caract\u00e9ristiques<\/strong><\/p><div class=\"table-responsive\"><table><tbody><tr><td colspan=\"2\">Tapez le type facultatif<\/td><td>LP12BX<\/td><td>LP12CX<\/td><\/tr><tr><td rowspan=\"2\">Capacit\u00e9 de stockage<\/td><td>Lumi\u00e8re flash<\/td><td colspan=\"2\">Standard 4\u00a0Mbits<\/td><\/tr><tr><td>carte SD<\/td><td colspan=\"2\">2M (jusqu&#039;\u00e0 8M)<\/td><\/tr><tr><td colspan=\"2\" height=\"23\">Responsable d&#039;une imprimante thermique<\/td><td>maximum 56 mm, 203 DPI<\/td><td>maximum 72 mm, 203 DPI<\/td><\/tr><tr><td colspan=\"2\">Vitesse d&#039;impression<\/td><td>120 mm\/s (25 \u2103)<\/td><td>120 mm\/s (25 \u2103)<\/td><\/tr><tr><td rowspan=\"3\">Sp\u00e9cifier le papier<\/td><td>taper<\/td><td colspan=\"2\">Papier pour \u00e9tiquettes thermiques<\/td><\/tr><tr><td>Largeur du papier<\/td><td>57,5 \u00b1 0,5 mm<\/td><td>79,5 mm \u00b1 0,5 mm<\/td><\/tr><tr><td>Diam\u00e8tre du rouleau de papier<\/td><td colspan=\"2\">\u00e0 l&#039;ext\u00e9rieur Max\u03a690mm (\u00e0 l&#039;int\u00e9rieur \u03a628mm); \u00e0 l&#039;ext\u00e9rieur Max \u03a6 80,0 mm (\u00e0 l&#039;int\u00e9rieur \u03a640 mm)<\/td><\/tr><tr><td colspan=\"2\">Contenu de l&#039;expression<\/td><td colspan=\"2\">Code \u00e0 barres EAN18\/EAN13\/nom du PLU\/prix unitaire\/prix total\/poids\/graphique\/marque de remise\/date d&#039;emballage\/date d&#039;expiration\/marque d\u00e9pos\u00e9e\/message d&#039;en-t\u00eate\/message du bas, etc.<\/td><\/tr><tr><td rowspan=\"3\">police<\/td><td>Jeu de caract\u00e8res<\/td><td colspan=\"2\">GB2312\u3001BIG5<\/td><\/tr><tr><td rowspan=\"2\">Jeu de caract\u00e8res<\/td><td colspan=\"2\">8 \u00d7 16, 8 \u00d7 24, 16 \u00d7 32, 16 \u00d7 16, 16 \u00d7 24, 32 \u00d7 32, 32 \u00d7 24<\/td><\/tr><tr><td colspan=\"2\">16 \u00d7 64, 16 \u00d7 48, 32 \u00d7 64, 16 \u00d7 96, 16 \u00d7 72, 32 \u00d7 96<\/td><\/tr><tr><td colspan=\"2\">Type de code-barres<\/td><td colspan=\"2\">EAN13, EAN18<\/td><\/tr><tr><td colspan=\"2\">Stockage des donn\u00e9es<\/td><td colspan=\"2\">1 200 informations PLU, 1 200 informations sur les ensembles, 42 ensembles de fichiers d&#039;\u00e9tiquettes de codes \u00e0 barres (120 (longueur) * 50 (largeur))<\/td><\/tr><tr><td colspan=\"2\">interface<\/td><td colspan=\"2\">PS\/2, Eth\u00e9met, USB<\/td><\/tr><tr><td colspan=\"2\">Claviers disponibles<\/td><td colspan=\"2\">36*2 touches directes pour PLU\u30014 touches de fonction<\/td><\/tr><tr><td colspan=\"2\">Publicit\u00e9<\/td><td colspan=\"2\">65*132 (203 ppp)<\/td><\/tr><tr><td colspan=\"2\">Fonctionnalit\u00e9 facultative<\/td><td colspan=\"2\">module d&#039;imprimante d&#039;\u00e9tiquettes sans doublure \/\/ machine de s\u00e9paration<\/td><\/tr><tr><td colspan=\"2\">Alimentation \u00e9lectrique<\/td><td colspan=\"2\">AC18V 1,5A (adaptateur AC115V\/220V\/240V 50\/60Hz)<\/td><\/tr><tr><td colspan=\"2\">Temp\u00e9rature de fonctionnement<\/td><td colspan=\"2\">0 \u2103 ~ 40 \u2103, 5% ~ 85%R.H.<\/td><\/tr><tr><td colspan=\"2\">Environnement op\u00e9rationnel<\/td><td colspan=\"2\">0 \u2103 ~ 40 \u2103, 5% ~ 90%R.H.<\/td><\/tr><tr><td colspan=\"2\">Dimensions<\/td><td colspan=\"2\">145*286*179(mm)<\/td><\/tr><tr><td colspan=\"2\">Poids<\/td><td colspan=\"2\">3kg<\/td><\/tr><\/tbody><\/table><\/div>\t\t\t\t\t\t\t\t<\/div>\n\t\t\t\t<\/div>\n\t\t\t\t\t<\/div>\n\t\t<\/div>\n\t\t\t\t\t<\/div>\n\t\t<\/section>\n\t\t\t\t<\/div>","protected":false},"excerpt":{"rendered":"<p>Conception ind\u00e9pendante innovante<br \/>\nAvec 12 000 PLU, 1 200 messages et 32 codes-barres pr\u00e9install\u00e9s, il peut fonctionner ind\u00e9pendamment sans connexion PC ;<\/p>\n<p>Excellente connectivit\u00e9<br \/>\nExcellente connectivit\u00e9 avec une large gamme d&#039;\u00e9chelles allant du gramme \u00e0 la tonne.<\/p>\n<p>port<br \/>\nPeut \u00eatre connect\u00e9 \u00e0 un scanner\/clavier externe via le port RS232\/PS2\u00a0;<\/p>\n<p>Solution id\u00e9ale<br \/>\nSolution id\u00e9ale pour le pr\u00e9emballage dans les supermarch\u00e9s, les usines, les boulangeries, les magasins \u00e9cologiques et les caf\u00e9s. Et pour g\u00e9rer les importations\/exportations dans les fermes, les autoroutes, etc.<\/p>","protected":false},"featured_media":24857,"comment_status":"open","ping_status":"closed","template":"","meta":[],"product_cat":[20,72],"product_tag":[],"class_list":{"0":"post-24856","1":"product","2":"type-product","3":"status-publish","4":"has-post-thumbnail","6":"product_cat-accessories","7":"product_cat-etikettendrucker","9":"first","10":"instock","11":"shipping-taxable","12":"product-type-simple"},"_links":{"self":[{"href":"https:\/\/axlac.ch\/fr\/wp-json\/wp\/v2\/product\/24856","targetHints":{"allow":["GET"]}}],"collection":[{"href":"https:\/\/axlac.ch\/fr\/wp-json\/wp\/v2\/product"}],"about":[{"href":"https:\/\/axlac.ch\/fr\/wp-json\/wp\/v2\/types\/product"}],"replies":[{"embeddable":true,"href":"https:\/\/axlac.ch\/fr\/wp-json\/wp\/v2\/comments?post=24856"}],"version-history":[{"count":40,"href":"https:\/\/axlac.ch\/fr\/wp-json\/wp\/v2\/product\/24856\/revisions"}],"predecessor-version":[{"id":24978,"href":"https:\/\/axlac.ch\/fr\/wp-json\/wp\/v2\/product\/24856\/revisions\/24978"}],"wp:featuredmedia":[{"embeddable":true,"href":"https:\/\/axlac.ch\/fr\/wp-json\/wp\/v2\/media\/24857"}],"wp:attachment":[{"href":"https:\/\/axlac.ch\/fr\/wp-json\/wp\/v2\/media?parent=24856"}],"wp:term":[{"taxonomy":"product_cat","embeddable":true,"href":"https:\/\/axlac.ch\/fr\/wp-json\/wp\/v2\/product_cat?post=24856"},{"taxonomy":"product_tag","embeddable":true,"href":"https:\/\/axlac.ch\/fr\/wp-json\/wp\/v2\/product_tag?post=24856"}],"curies":[{"name":"wp","href":"https:\/\/api.w.org\/{rel}","templated":true}]}}