{"id":24232,"date":"2024-02-27T09:02:38","date_gmt":"2024-02-27T09:02:38","guid":{"rendered":"https:\/\/axlac.ch\/?post_type=product&#038;p=24232"},"modified":"2026-04-16T08:58:24","modified_gmt":"2026-04-16T08:58:24","slug":"ir6x-ki-registrierkassenwaage","status":"publish","type":"product","link":"https:\/\/axlac.ch\/fr\/product\/ir6x-ki-registrierkassenwaage\/","title":{"rendered":"Balance de caisse iR6X AI"},"content":{"rendered":"<div data-elementor-type=\"wp-post\" data-elementor-id=\"24232\" class=\"elementor elementor-24232\">\n\t\t\t\t\t\t<section class=\"wd-negative-gap elementor-section elementor-top-section elementor-element elementor-element-6741c6e8 elementor-section-boxed elementor-section-height-default elementor-section-height-default\" data-id=\"6741c6e8\" data-element_type=\"section\">\n\t\t\t\t\t\t<div class=\"elementor-container elementor-column-gap-default\">\n\t\t\t\t\t<div class=\"elementor-column elementor-col-100 elementor-top-column elementor-element elementor-element-65039c5b\" data-id=\"65039c5b\" data-element_type=\"column\">\n\t\t\t<div class=\"elementor-widget-wrap elementor-element-populated\">\n\t\t\t\t\t\t<div class=\"elementor-element elementor-element-58a11a3e wd-width-100 elementor-widget elementor-widget-wd_title\" data-id=\"58a11a3e\" data-element_type=\"widget\" data-widget_type=\"wd_title.default\">\n\t\t\t\t<div class=\"elementor-widget-container\">\n\t\t\t\t\t\t\t<div class=\"title-wrapper wd-set-mb reset-last-child wd-title-color-default wd-title-style-underlined wd-title-size-default text-center\">\n\n\t\t\t\n\t\t\t<div class=\"liner-continer\">\n\t\t\t\t<h4 class=\"woodmart-title-container title wd-fontsize-l wd-underline-colored\">les particularit\u00e9s<\/h4> \n\t\t\t\t\t\t\t<\/div>\n\n\t\t\t\t\t<\/div>\n\t\t\t\t\t\t<\/div>\n\t\t\t\t<\/div>\n\t\t\t\t<div class=\"elementor-element elementor-element-871c89f color-scheme-inherit text-left elementor-widget elementor-widget-text-editor\" data-id=\"871c89f\" data-element_type=\"widget\" data-widget_type=\"text-editor.default\">\n\t\t\t\t<div class=\"elementor-widget-container\">\n\t\t\t\t\t\t\t\t\t<p>\u2022 T\u00eate de num\u00e9risation Bluetooth multifonction \u00e0 double usage, peut prendre en charge le code unidimensionnel et le code bidimensionnel, non seulement la num\u00e9risation des paiements mobiles, mais peut \u00e9galement \u00eatre fix\u00e9e de chaque c\u00f4t\u00e9 de l&#039;\u00e9cran pour num\u00e9riser le code-barres.\u00a0<\/p><p>\u2022 Reli\u00e9 aux \u00e9tiquettes \u00e9lectroniques de lin\u00e9aire (ESL) d&#039;Axlac, le prix est automatiquement synchronis\u00e9 avec l&#039;ESL apr\u00e8s modification du prix sur la balance sans qu&#039;il soit n\u00e9cessaire de remplacer manuellement l&#039;\u00e9tiquette de prix.<\/p><p>\u2022 La d\u00e9tection rapide de l&#039;IA et la d\u00e9tection grossi\u00e8re par l&#039;\u0153il humain des produits \u00e0 base de fruits et l\u00e9gumes permettent aux peseuses de fonctionner sans formation et sans m\u00e9moriser une cascade de LFCodes. La vitesse de d\u00e9tection de 0,1 s am\u00e9liore l&#039;efficacit\u00e9 du travail.<\/p><p>\u2022 Avec une vitesse de d\u00e9tection de 0,1 s et une haute pr\u00e9cision du 99% par l&#039;algorithme de d\u00e9tection visuelle Ai. Son mod\u00e8le peut it\u00e9rer automatiquement, am\u00e9liorant ainsi la pr\u00e9cision du travail et l&#039;efficacit\u00e9 de la balance. La d\u00e9tection hors ligne et le mappage semi-automatique des noms de PLU dans le magasin permettent aux utilisateurs de le d\u00e9ployer et de l&#039;utiliser rapidement.<\/p><p>\u2022 Gr\u00e2ce au puissant logiciel de gestion de balance LINK69, l&#039;iR6X prend en charge diverses fonctions pratiques, par ex. B. l&#039;attribution automatique de produits frais \u00e0 vos photos, le t\u00e9l\u00e9chargement de 32 nuances diff\u00e9rentes, la mise en r\u00e9seau automatique, l&#039;amarrage \u00e0 divers syst\u00e8mes backend existants, la modification des noms d&#039;\u00e9chelle ainsi que le t\u00e9l\u00e9chargement et la maintenance des photos.<\/p><p>\u2022 Tout dans un seul mod\u00e8le, int\u00e9gr\u00e9 aux points de vente, au pesage et \u00e0 l&#039;impression des re\u00e7us.<\/p><p>\u2022 Caract\u00e9ristiques fortes, notamment\u00a0: RFID\/Cam\u00e9ra graphique\/WIFI\/BT\/Module de reconnaissance faciale\/Lecteur de codes-barres\/Imprimante 3\u2033 avec cutter.<\/p><p>\u2022 Avec lecteur de codes-barres pour lire les codes-barres et les codes QR, il est dot\u00e9 d&#039;un brevet unique de rotation automatique, ce qui convient \u00e0 la fois au mode de vente par code-barres et au mode de paiement par code-barres.<\/p><p>\u2022 Syst\u00e8me d&#039;exploitation Android 9.0 pour prendre en charge la r\u00e9flexion sonore lors du fonctionnement tactile de l&#039;\u00e9cran.<\/p><p>\u2022 Conception de modulation pour r\u00e9aliser le remplacement des pi\u00e8ces d&#039;affichage\/MB, etc. en une demi-minute.<br \/><br \/>\u2022 Conception de grand rouleau de papier supr\u00eame (80 mm) pour r\u00e9duire au maximum les temps de remplacement du papier.<br \/><br \/>\u2022 Lecteur de carte magn\u00e9tique int\u00e9gr\u00e9 \u00e0 la machine pour prendre en charge la gestion des cartes de membre.<br \/><br \/>\u2022 Avec batterie puissante en option pour 200 impressions de re\u00e7us et 3 heures en veille.<br \/><br \/>\u2022 Conception brevet\u00e9e anti-insectes pour \u00e9viter tout dysfonctionnement de l&#039;appareil caus\u00e9 par les insectes.<br \/><br \/>\u2022 Avec processeur Intel quad-core et cadre \u00e0 faible consommation d&#039;\u00e9nergie.<br \/><br \/>\u2022 Impression haute vitesse de 120 mm\/s et dur\u00e9e de vie de l&#039;imprimante de 200 km.<br \/><br \/>\u2022 Conception supr\u00eame de casseroles \u00e0 grande \u00e9chelle.<\/p>\t\t\t\t\t\t\t\t<\/div>\n\t\t\t\t<\/div>\n\t\t\t\t\t<\/div>\n\t\t<\/div>\n\t\t\t\t\t<\/div>\n\t\t<\/section>\n\t\t\t\t<section class=\"wd-negative-gap elementor-section elementor-top-section elementor-element elementor-element-2ee3d73 elementor-section-boxed elementor-section-height-default elementor-section-height-default\" data-id=\"2ee3d73\" data-element_type=\"section\">\n\t\t\t\t\t\t<div class=\"elementor-container elementor-column-gap-default\">\n\t\t\t\t\t<div class=\"elementor-column elementor-col-100 elementor-top-column elementor-element elementor-element-b071ba1\" data-id=\"b071ba1\" data-element_type=\"column\">\n\t\t\t<div class=\"elementor-widget-wrap elementor-element-populated\">\n\t\t\t\t\t\t<div class=\"elementor-element elementor-element-a6e4336 wd-width-100 elementor-widget elementor-widget-wd_title\" data-id=\"a6e4336\" data-element_type=\"widget\" data-widget_type=\"wd_title.default\">\n\t\t\t\t<div class=\"elementor-widget-container\">\n\t\t\t\t\t\t\t<div class=\"title-wrapper wd-set-mb reset-last-child wd-title-color-default wd-title-style-underlined wd-title-size-default text-center\">\n\n\t\t\t\n\t\t\t<div class=\"liner-continer\">\n\t\t\t\t<h4 class=\"woodmart-title-container title wd-fontsize-l wd-underline-colored\">Excellentes fonctionnalit\u00e9s<br \/>\n<\/h4> \n\t\t\t\t\t\t\t<\/div>\n\n\t\t\t\t\t<\/div>\n\t\t\t\t\t\t<\/div>\n\t\t\t\t<\/div>\n\t\t\t\t<div class=\"elementor-element elementor-element-62c84fd color-scheme-inherit text-left elementor-widget elementor-widget-text-editor\" data-id=\"62c84fd\" data-element_type=\"widget\" data-widget_type=\"text-editor.default\">\n\t\t\t\t<div class=\"elementor-widget-container\">\n\t\t\t\t\t\t\t\t\t<p>\u2022 Avec une interface conviviale, le logiciel est facile \u00e0 utiliser et peut \u00eatre personnalis\u00e9 pour ajouter des images\u00a0<br \/>\u2022 \u00c9cran haute fiabilit\u00e9 : \u00e9cran HD 11,6\u2033 et tactile capacitif.<br \/>\u2022 L&#039;\u00e9cran tactile capacitif \u00e9tanche permet une utilisation pratique avec les mains mouill\u00e9es pour les produits entrant en contact avec l&#039;eau.<\/p>\t\t\t\t\t\t\t\t<\/div>\n\t\t\t\t<\/div>\n\t\t\t\t\t<\/div>\n\t\t<\/div>\n\t\t\t\t\t<\/div>\n\t\t<\/section>\n\t\t\t\t<section class=\"wd-negative-gap elementor-section elementor-top-section elementor-element elementor-element-c9b34e9 elementor-section-boxed elementor-section-height-default elementor-section-height-default\" data-id=\"c9b34e9\" data-element_type=\"section\">\n\t\t\t\t\t\t<div class=\"elementor-container elementor-column-gap-default\">\n\t\t\t\t\t<div class=\"elementor-column elementor-col-100 elementor-top-column elementor-element elementor-element-2e0fa70\" data-id=\"2e0fa70\" data-element_type=\"column\">\n\t\t\t<div class=\"elementor-widget-wrap elementor-element-populated\">\n\t\t\t\t\t\t<div class=\"elementor-element elementor-element-a6800e8 wd-width-100 elementor-widget elementor-widget-wd_title\" data-id=\"a6800e8\" data-element_type=\"widget\" data-widget_type=\"wd_title.default\">\n\t\t\t\t<div class=\"elementor-widget-container\">\n\t\t\t\t\t\t\t<div class=\"title-wrapper wd-set-mb reset-last-child wd-title-color-default wd-title-style-underlined wd-title-size-default text-center\">\n\n\t\t\t\n\t\t\t<div class=\"liner-continer\">\n\t\t\t\t<h4 class=\"woodmart-title-container title wd-fontsize-l wd-underline-colored\">Caract\u00e9ristiques<\/h4> \n\t\t\t\t\t\t\t<\/div>\n\n\t\t\t\t\t<\/div>\n\t\t\t\t\t\t<\/div>\n\t\t\t\t<\/div>\n\t\t\t\t<div class=\"elementor-element elementor-element-548ac7b color-scheme-inherit text-left elementor-widget elementor-widget-text-editor\" data-id=\"548ac7b\" data-element_type=\"widget\" data-widget_type=\"text-editor.default\">\n\t\t\t\t<div class=\"elementor-widget-container\">\n\t\t\t\t\t\t\t\t\t<table border=\"1\"><tbody><tr><td rowspan=\"2\">Types facultatifs<\/td><td colspan=\"4\">Type de bureau OS2CX<\/td><td colspan=\"3\">Type embarqu\u00e9 OS2IX<\/td><\/tr><tr><td>OS2CX<\/td><td>OS2CXK<\/td><td>OS2CXB<\/td><td>OS2CXP<\/td><td>OS2IX<\/td><td colspan=\"2\">OS2IXD<\/td><\/tr><tr><td>Caract\u00e9ristiques de base<\/td><td>sans affichage<br \/>sans boutons<\/td><td>sans affichage<br \/>avec deux boutons<\/td><td>avec affichage de base<br \/>trois boutons<\/td><td>avec colonne d&#039;affichage<br \/>trois boutons<\/td><td>sans affichage<br \/>avec deux boutons<\/td><td colspan=\"2\">Avec poteau s\u00e9par\u00e9\u00a0;<br \/>Affichage et trois boutons<\/td><\/tr><tr><td rowspan=\"2\">dimension<\/td><td rowspan=\"2\">345*263*88mm<\/td><td rowspan=\"2\">345*263*88mm<\/td><td rowspan=\"2\">345*343*91mm<\/td><td rowspan=\"2\">435*345*338mm<\/td><td rowspan=\"2\">370*288*72mm<\/td><td>Plaque<\/td><td>370*288*72mm<\/td><\/tr><tr><td>miser<\/td><td>416*112*86mm<\/td><\/tr><tr><td>Affichage client\/op\u00e9rateur<\/td><td colspan=\"7\">\u00c9cran LCD 5*8 champs<\/td><\/tr><tr><td>Capacit\u00e9 de pes\u00e9e (Max.)<\/td><td colspan=\"7\">6\/15kg\uff1b15\/30kg<\/td><\/tr><tr><td>D\u00e9partement valeur<\/td><td colspan=\"7\">2\/5g\u00a0; 5\/10g<\/td><\/tr><tr><td>Plage de pes\u00e9e (min.)<\/td><td colspan=\"7\">40g \uff1b 100g<\/td><\/tr><tr><td>Tare (Max.)<\/td><td colspan=\"7\">-5 998 kg\uff1b-14 995 kg<\/td><\/tr><tr><td>R\u00e9solution interne<\/td><td colspan=\"7\">1\/30000<\/td><\/tr><tr><td>Classe de pr\u00e9cision<\/td><td colspan=\"7\">\u2162<\/td><\/tr><tr><td>interface<\/td><td colspan=\"7\">RS232<\/td><\/tr><tr><td>Facultatif<\/td><td colspan=\"7\">Ligne de communication USB<\/td><\/tr><tr><td>Temp\u00e9rature de fonctionnement<\/td><td colspan=\"7\">0\u2103-40\u2103\u00a0<\/td><\/tr><\/tbody><\/table>\t\t\t\t\t\t\t\t<\/div>\n\t\t\t\t<\/div>\n\t\t\t\t\t<\/div>\n\t\t<\/div>\n\t\t\t\t\t<\/div>\n\t\t<\/section>\n\t\t\t\t<\/div>","protected":false},"excerpt":{"rendered":"<p><span style=\"color: #333333;\"><b>Balance de caisse iR6X AI<\/b><br \/>\n<b>Balance de caisse enregistreuse IA multifonctionnelle<\/b><\/span><\/p>\n<p><b>Conception de prise rapide brevet\u00e9e\u00a0:<\/b><br \/>\nIl vous suffit de desserrer deux vis pour changer l&#039;affichage, l&#039;ensemble du processus ne prend que 30 secondes. Extr\u00eamement facile \u00e0 entretenir\u00a0;<\/p>\n<p><b>Prise en charge de l&#039;int\u00e9gration de logiciels tiers<\/b><\/p>\n<p><b>Scanner multifonctionnel 1D\/2D (option) :<\/b><br \/>\nLe scanner peut \u00eatre fix\u00e9 \u00e0 la balance ou num\u00e9ris\u00e9 avec un ordinateur de poche. Il r\u00e9pond aux besoins de diverses applications.<\/p>","protected":false},"featured_media":24233,"comment_status":"open","ping_status":"closed","template":"","meta":[],"product_cat":[20],"product_tag":[],"class_list":{"0":"post-24232","1":"product","2":"type-product","3":"status-publish","4":"has-post-thumbnail","6":"product_cat-accessories","8":"first","9":"instock","10":"shipping-taxable","11":"product-type-simple"},"_links":{"self":[{"href":"https:\/\/axlac.ch\/fr\/wp-json\/wp\/v2\/product\/24232","targetHints":{"allow":["GET"]}}],"collection":[{"href":"https:\/\/axlac.ch\/fr\/wp-json\/wp\/v2\/product"}],"about":[{"href":"https:\/\/axlac.ch\/fr\/wp-json\/wp\/v2\/types\/product"}],"replies":[{"embeddable":true,"href":"https:\/\/axlac.ch\/fr\/wp-json\/wp\/v2\/comments?post=24232"}],"version-history":[{"count":9,"href":"https:\/\/axlac.ch\/fr\/wp-json\/wp\/v2\/product\/24232\/revisions"}],"predecessor-version":[{"id":24772,"href":"https:\/\/axlac.ch\/fr\/wp-json\/wp\/v2\/product\/24232\/revisions\/24772"}],"wp:featuredmedia":[{"embeddable":true,"href":"https:\/\/axlac.ch\/fr\/wp-json\/wp\/v2\/media\/24233"}],"wp:attachment":[{"href":"https:\/\/axlac.ch\/fr\/wp-json\/wp\/v2\/media?parent=24232"}],"wp:term":[{"taxonomy":"product_cat","embeddable":true,"href":"https:\/\/axlac.ch\/fr\/wp-json\/wp\/v2\/product_cat?post=24232"},{"taxonomy":"product_tag","embeddable":true,"href":"https:\/\/axlac.ch\/fr\/wp-json\/wp\/v2\/product_tag?post=24232"}],"curies":[{"name":"wp","href":"https:\/\/api.w.org\/{rel}","templated":true}]}}