{"id":24128,"date":"2024-02-13T13:17:03","date_gmt":"2024-02-13T13:17:03","guid":{"rendered":"https:\/\/axlac.ch\/?post_type=product&#038;p=24128"},"modified":"2026-03-10T09:00:03","modified_gmt":"2026-03-10T09:00:03","slug":"ts6x-all-in-one-kassensystem-mit-wiege-und-warenerkennungsfunktion","status":"publish","type":"product","link":"https:\/\/axlac.ch\/fr\/product\/ts6x-all-in-one-kassensystem-mit-wiege-und-warenerkennungsfunktion\/","title":{"rendered":"Syst\u00e8me de caisse tout-en-un TS6X avec fonction de pes\u00e9e et de reconnaissance des marchandises"},"content":{"rendered":"<div data-elementor-type=\"wp-post\" data-elementor-id=\"24128\" class=\"elementor elementor-24128\">\n\t\t\t\t\t\t<section class=\"wd-negative-gap elementor-section elementor-top-section elementor-element elementor-element-ea80fac elementor-section-boxed elementor-section-height-default elementor-section-height-default\" data-id=\"ea80fac\" data-element_type=\"section\">\n\t\t\t\t\t\t<div class=\"elementor-container elementor-column-gap-default\">\n\t\t\t\t\t<div class=\"elementor-column elementor-col-100 elementor-top-column elementor-element elementor-element-906717d\" data-id=\"906717d\" data-element_type=\"column\">\n\t\t\t<div class=\"elementor-widget-wrap elementor-element-populated\">\n\t\t\t\t\t\t<div class=\"elementor-element elementor-element-30ed1a9 wd-width-100 elementor-widget elementor-widget-wd_title\" data-id=\"30ed1a9\" data-element_type=\"widget\" data-widget_type=\"wd_title.default\">\n\t\t\t\t<div class=\"elementor-widget-container\">\n\t\t\t\t\t\t\t<div class=\"title-wrapper wd-set-mb reset-last-child wd-title-color-default wd-title-style-underlined wd-title-size-default text-center\">\n\n\t\t\t\n\t\t\t<div class=\"liner-continer\">\n\t\t\t\t<h4 class=\"woodmart-title-container title wd-fontsize-l wd-underline-colored\">Points forts<\/h4> \n\t\t\t\t\t\t\t<\/div>\n\n\t\t\t\t\t<\/div>\n\t\t\t\t\t\t<\/div>\n\t\t\t\t<\/div>\n\t\t\t\t<div class=\"elementor-element elementor-element-0331c41 elementor-widget elementor-widget-image\" data-id=\"0331c41\" data-element_type=\"widget\" data-widget_type=\"image.default\">\n\t\t\t\t<div class=\"elementor-widget-container\">\n\t\t\t\t\t\t\t\t\t\t\t\t\t\t\t<img fetchpriority=\"high\" decoding=\"async\" width=\"1026\" height=\"638\" src=\"https:\/\/axlac.ch\/wp-content\/uploads\/2024\/02\/Ekran-Resmi-2024-02-19-13.45.14.png\" class=\"attachment-large size-large wp-image-24176\" alt=\"\" srcset=\"https:\/\/axlac.ch\/wp-content\/uploads\/2024\/02\/Ekran-Resmi-2024-02-19-13.45.14.png 1026w, https:\/\/axlac.ch\/wp-content\/uploads\/2024\/02\/Ekran-Resmi-2024-02-19-13.45.14-430x267.png 430w, https:\/\/axlac.ch\/wp-content\/uploads\/2024\/02\/Ekran-Resmi-2024-02-19-13.45.14-150x93.png 150w, https:\/\/axlac.ch\/wp-content\/uploads\/2024\/02\/Ekran-Resmi-2024-02-19-13.45.14-700x435.png 700w, https:\/\/axlac.ch\/wp-content\/uploads\/2024\/02\/Ekran-Resmi-2024-02-19-13.45.14-400x249.png 400w, https:\/\/axlac.ch\/wp-content\/uploads\/2024\/02\/Ekran-Resmi-2024-02-19-13.45.14-768x478.png 768w, https:\/\/axlac.ch\/wp-content\/uploads\/2024\/02\/Ekran-Resmi-2024-02-19-13.45.14-860x535.png 860w\" sizes=\"(max-width: 1026px) 100vw, 1026px\" \/>\t\t\t\t\t\t\t\t\t\t\t\t\t\t\t<\/div>\n\t\t\t\t<\/div>\n\t\t\t\t<div class=\"elementor-element elementor-element-09c6cb5 color-scheme-inherit text-left elementor-widget elementor-widget-text-editor\" data-id=\"09c6cb5\" data-element_type=\"widget\" data-widget_type=\"text-editor.default\">\n\t\t\t\t<div class=\"elementor-widget-container\">\n\t\t\t\t\t\t\t\t\t<ul><li>Avec une conception r\u00e9glable de l&#039;angle de l&#039;\u00e9cran pour s&#039;adapter \u00e0 diff\u00e9rentes hauteurs d&#039;utilisateurs.<\/li><li>Diff\u00e9rentes options de taille d&#039;affichage au choix : 6\u2033\/10,1\u2033\/65*132.<\/li><li>L&#039;imprimante est plac\u00e9e sur le plateau de pes\u00e9e pour la maintenir \u00e9tanche<\/li><li>Il permet l&#039;\u00e9change de PLU et de donn\u00e9es de vente en temps r\u00e9el et une gestion simple des entrep\u00f4ts via la fonction WLAN.<\/li><li>Options d&#039;imprimante 2\u2033\/3\u2033 et alimentation papier facile.<\/li><\/ul><ul><li>\u00a0Tout dans un seul design, int\u00e9gr\u00e9 aux points de vente, au pesage et \u00e0 l&#039;impression des re\u00e7us.<\/li><li>Caract\u00e9ristiques fortes, notamment\u00a0: RFID\/Cam\u00e9ra graphique\/WIFI\/BT\/Module de reconnaissance faciale\/Lecteur de codes-barres\/Imprimante 3\u2033 avec cutter.<\/li><li>Avec lecteur de codes-barres pour lire les codes-barres et les codes QR, il est dot\u00e9 d&#039;un brevet unique de rotation automatique, ce qui convient \u00e0 la fois au mode de vente de codes-barres et au mode de paiement par code-barres.<\/li><li>Syst\u00e8me d&#039;exploitation Android 9.0 pour prendre en charge la r\u00e9flexion sonore sur l&#039;op\u00e9ration tactile de l&#039;\u00e9cran.<\/li><li>Conception de modulation pour r\u00e9aliser le remplacement des pi\u00e8ces d&#039;affichage\/Mo, etc. en une demi-minute.<\/li><li>Conception en rouleau de papier (80 mm) pour r\u00e9duire les temps d&#039;attente.<\/li><li>Lecteur de carte magn\u00e9tique int\u00e9gr\u00e9 sur la machine pour prendre en charge la gestion des cartes de membre.<\/li><li>Avec batterie puissante en option pour 200 impressions de re\u00e7us et 3 heures en veille.<\/li><li>Conception brevet\u00e9e anti-insectes pour \u00e9viter tout dysfonctionnement de l&#039;appareil caus\u00e9 par les insectes.<\/li><li>Avec processeur Intel quad-core et cadre \u00e0 faible consommation d&#039;\u00e9nergie.<\/li><li>Impression haute vitesse de 120 mm\/s et dur\u00e9e de vie de l&#039;imprimante de 200 km.<\/li><li>Conception de casseroles \u00e0 grande \u00e9chelle<\/li><\/ul>\t\t\t\t\t\t\t\t<\/div>\n\t\t\t\t<\/div>\n\t\t\t\t\t<\/div>\n\t\t<\/div>\n\t\t\t\t\t<\/div>\n\t\t<\/section>\n\t\t\t\t<section class=\"wd-negative-gap elementor-section elementor-top-section elementor-element elementor-element-6a651df elementor-section-boxed elementor-section-height-default elementor-section-height-default\" data-id=\"6a651df\" data-element_type=\"section\">\n\t\t\t\t\t\t<div class=\"elementor-container elementor-column-gap-default\">\n\t\t\t\t\t<div class=\"elementor-column elementor-col-100 elementor-top-column elementor-element elementor-element-8a54d05\" data-id=\"8a54d05\" data-element_type=\"column\">\n\t\t\t<div class=\"elementor-widget-wrap elementor-element-populated\">\n\t\t\t\t\t\t<div class=\"elementor-element elementor-element-b120b0a wd-width-100 elementor-widget elementor-widget-wd_title\" data-id=\"b120b0a\" data-element_type=\"widget\" data-widget_type=\"wd_title.default\">\n\t\t\t\t<div class=\"elementor-widget-container\">\n\t\t\t\t\t\t\t<div class=\"title-wrapper wd-set-mb reset-last-child wd-title-color-default wd-title-style-underlined wd-title-size-default text-center\">\n\n\t\t\t\n\t\t\t<div class=\"liner-continer\">\n\t\t\t\t<h4 class=\"woodmart-title-container title wd-fontsize-l wd-underline-colored\">Caract\u00e9ristiques<\/h4> \n\t\t\t\t\t\t\t<\/div>\n\n\t\t\t\t\t<\/div>\n\t\t\t\t\t\t<\/div>\n\t\t\t\t<\/div>\n\t\t\t\t<div class=\"elementor-element elementor-element-b571111 color-scheme-inherit text-left elementor-widget elementor-widget-text-editor\" data-id=\"b571111\" data-element_type=\"widget\" data-widget_type=\"text-editor.default\">\n\t\t\t\t<div class=\"elementor-widget-container\">\n\t\t\t\t\t\t\t\t\t<table width=\"1192\"><tbody><tr><td colspan=\"2\" width=\"284\"><p>Mod\u00e8le<\/p><\/td><td colspan=\"5\" width=\"762\"><p>TS6X<\/p><\/td><\/tr><tr><td colspan=\"2\"><p>\u00c9cran op\u00e9rateur<\/p><\/td><td colspan=\"2\"><p>\u00c9cran tactile capacitif 11,6\u2033 15,6\u2033, r\u00e9solution : 1920*1080<\/p><\/td><td colspan=\"3\"><p>\u00a0<\/p><\/td><\/tr><tr><td colspan=\"2\"><p>Type d&#039;\u00e9cran tactile<\/p><\/td><td colspan=\"5\"><p>\u00c9cran tactile capacitif<\/p><\/td><\/tr><tr><td colspan=\"2\"><p>Affichage client<\/p><\/td><td colspan=\"5\"><p>\u00a0<\/p><p>\u00c9cran couleur 15,6\u2033 (1920*1080), \u00e9cran couleur 10,1\u2033 (1024*600), LCD 65*132<br \/><br \/><\/p><\/td><\/tr><tr><td colspan=\"2\"><p>Zone<\/p><\/td><td colspan=\"5\"><p>6kg\/15kg;15kg\/30kg<\/p><\/td><\/tr><tr><td colspan=\"2\"><p>Valeur de division<\/p><\/td><td colspan=\"5\"><p>2g\/5g, 5g\/10g<\/p><\/td><\/tr><tr><td colspan=\"2\"><p>O.S.<\/p><\/td><td><p>Windows 7<\/p><\/td><td colspan=\"2\"><p>Win10\/Android9.0 (sur demande)<\/p><\/td><td>\u00a0<\/td><td>\u00a0<\/td><\/tr><tr><td colspan=\"2\"><p>CPU<\/p><\/td><td><p>Intel Z3735, processeur Intel quad-core, jusqu&#039;\u00e0 1,83 GHz<\/p><\/td><td colspan=\"2\"><p>\u00a0<\/p><\/td><td colspan=\"2\"><p>\u00a0<\/p><\/td><\/tr><tr><td colspan=\"2\"><p>Stockage<\/p><\/td><td><p>2 Go de RAM<\/p><\/td><td colspan=\"2\"><p>4 Go de RAM<\/p><\/td><td colspan=\"2\"><p>\u00a0<\/p><\/td><\/tr><tr><td colspan=\"2\"><p>stockage<\/p><\/td><td><p>32\u00a0Go de m\u00e9moire EMMC<\/p><\/td><td colspan=\"2\"><p>32\u00a0Go de m\u00e9moire EMMC<\/p><\/td><td colspan=\"2\"><p>64G<\/p><\/td><\/tr><tr><td colspan=\"2\"><p>Type de PLU<\/p><\/td><td colspan=\"5\" width=\"762\"><p>Code PLU, nom PLU, num\u00e9ro d&#039;article, prix unitaire, unit\u00e9 de prix, premi\u00e8re \u00e9tiquette, deuxi\u00e8me \u00e9tiquette, tare, code barre, d\u00e9partement, groupe, date d&#039;emballage, heure d&#039;emballage, date de p\u00e9remption, poids, type d&#039;emballage (normal, poids fixe, prix fixe , poids et prix fixes), informations nutritionnelles, code de tra\u00e7abilit\u00e9, informations compl\u00e9mentaires 1, informations compl\u00e9mentaires 2, remise<\/p><\/td><\/tr><tr><td colspan=\"2\"><p>Type de code-barres<\/p><\/td><td colspan=\"5\"><p>EAN 8, EAN 13, EAN 128, 2\/5 crypt\u00e9, Gs1, QR code, Silicon sense QR code, etc.<\/p><\/td><\/tr><tr><td rowspan=\"2\"><p>Imprimante<\/p><\/td><td><p>Type d&#039;imprimante<\/p><\/td><td colspan=\"5\"><p>Papier sans doublure, largeur 62 mm, \u03a6105 mm<\/p><\/td><\/tr><tr><td><p>Largeur d&#039;impression<\/p><\/td><td colspan=\"5\" width=\"762\"><p>56mm<\/p><\/td><\/tr><tr><td><p>\u00a0<\/p><\/td><td><p>Type de papier<\/p><\/td><td colspan=\"5\"><p>80 mm (avec bords coupants)<\/p><\/td><\/tr><tr><td><p>\u00a0<\/p><\/td><td><p>Vitesse d&#039;impression<\/p><\/td><td colspan=\"5\"><p>120 mm\/s<\/p><\/td><\/tr><tr><td colspan=\"2\"><p>Type de communication<\/p><\/td><td colspan=\"5\"><p>WIFI, 1*Ethernet, 1*RS232, 1*tiroir, 4*USB<\/p><\/td><\/tr><tr><td colspan=\"2\"><p>\u00c9lectricit\u00e9<\/p><\/td><td colspan=\"5\"><p>CA 100 ~ 240 V 50 ~ 60 Hz ; CC 13,8 V 4,2 A.<\/p><\/td><\/tr><tr><td colspan=\"2\"><p>Temp\u00e9rature de fonctionnement<\/p><\/td><td colspan=\"5\"><p>0\u2103~40\u2103<\/p><\/td><\/tr><tr><td colspan=\"2\"><p>Humidit\u00e9 de travail<\/p><\/td><td colspan=\"5\"><p>5% ~ 85%R.H.<\/p><\/td><\/tr><\/tbody><\/table>\t\t\t\t\t\t\t\t<\/div>\n\t\t\t\t<\/div>\n\t\t\t\t\t<\/div>\n\t\t<\/div>\n\t\t\t\t\t<\/div>\n\t\t<\/section>\n\t\t\t\t<\/div>","protected":false},"excerpt":{"rendered":"<p><strong>Avec notre syst\u00e8me de caisse tout-en-un unique, vous disposez de tout ce dont vous avez besoin pour ma\u00eetriser une routine de travail quotidienne productive et rapide. Vous \u00e9conomisez du temps et de l\u2019argent, aucune installation importante et co\u00fbteuse n\u2019est n\u00e9cessaire. Si n\u00e9cessaire, nous pouvons \u00e9galement proposer notre propre logiciel de caisse. <\/strong><\/p>\n<p>TS6X <strong>Syst\u00e8me de caisse tout-en-un avec <\/strong>\u00e9chelle de reconnaissance automatique des articles<\/p>\n<p>Reconnaissance d&#039;image intelligente : les \u00e9l\u00e9ments peuvent \u00eatre automatiquement reconnus par la cam\u00e9ra int\u00e9gr\u00e9e de la balance. Il n&#039;est plus n\u00e9cessaire de rechercher des articles connexes sur les pages PLU.<\/p>\n<p>Pr\u00e9cision 99% pour les marchandises emball\u00e9es de mani\u00e8re transparente et vitesse de d\u00e9tection de 0,1 s.<\/p>\n<p>Une vitesse et une pr\u00e9cision de d\u00e9tection \u00e9lev\u00e9es acc\u00e9l\u00e8rent le processus de pes\u00e9e et r\u00e9duisent le temps d&#039;attente, ce qui am\u00e9liore consid\u00e9rablement l&#039;exp\u00e9rience d&#039;achat des clients.<\/p>","protected":false},"featured_media":24129,"comment_status":"closed","ping_status":"closed","template":"","meta":[],"product_cat":[20],"product_tag":[],"class_list":{"0":"post-24128","1":"product","2":"type-product","3":"status-publish","4":"has-post-thumbnail","6":"product_cat-accessories","8":"first","9":"instock","10":"shipping-taxable","11":"product-type-simple"},"_links":{"self":[{"href":"https:\/\/axlac.ch\/fr\/wp-json\/wp\/v2\/product\/24128","targetHints":{"allow":["GET"]}}],"collection":[{"href":"https:\/\/axlac.ch\/fr\/wp-json\/wp\/v2\/product"}],"about":[{"href":"https:\/\/axlac.ch\/fr\/wp-json\/wp\/v2\/types\/product"}],"replies":[{"embeddable":true,"href":"https:\/\/axlac.ch\/fr\/wp-json\/wp\/v2\/comments?post=24128"}],"version-history":[{"count":26,"href":"https:\/\/axlac.ch\/fr\/wp-json\/wp\/v2\/product\/24128\/revisions"}],"predecessor-version":[{"id":24773,"href":"https:\/\/axlac.ch\/fr\/wp-json\/wp\/v2\/product\/24128\/revisions\/24773"}],"wp:featuredmedia":[{"embeddable":true,"href":"https:\/\/axlac.ch\/fr\/wp-json\/wp\/v2\/media\/24129"}],"wp:attachment":[{"href":"https:\/\/axlac.ch\/fr\/wp-json\/wp\/v2\/media?parent=24128"}],"wp:term":[{"taxonomy":"product_cat","embeddable":true,"href":"https:\/\/axlac.ch\/fr\/wp-json\/wp\/v2\/product_cat?post=24128"},{"taxonomy":"product_tag","embeddable":true,"href":"https:\/\/axlac.ch\/fr\/wp-json\/wp\/v2\/product_tag?post=24128"}],"curies":[{"name":"wp","href":"https:\/\/api.w.org\/{rel}","templated":true}]}}