{"id":24105,"date":"2024-02-13T13:04:18","date_gmt":"2024-02-13T13:04:18","guid":{"rendered":"https:\/\/axlac.ch\/?post_type=product&#038;p=24105"},"modified":"2024-04-18T15:07:43","modified_gmt":"2024-04-18T15:07:43","slug":"ri1-ki-automatische-ki-artikelerkennungskameramodul-mit-software","status":"publish","type":"product","link":"https:\/\/axlac.ch\/fr\/product\/ri1-ki-automatische-ki-artikelerkennungskameramodul-mit-software\/","title":{"rendered":"Ri1 AI Module de cam\u00e9ra de reconnaissance automatique d&#039;objets AI avec logiciel"},"content":{"rendered":"","protected":false},"excerpt":{"rendered":"<p><span style=\"color: #333333;\"><b>Module de cam\u00e9ra de reconnaissance automatique d&#039;articles Ri1 AI avec logiciel AI<\/b><\/span><\/p>\n<p><b>Vous n&#039;avez pas besoin de remplacer votre logiciel de caisse enregistreuse et de point de vente existant. Installez simplement notre logiciel compl\u00e9mentaire de cam\u00e9ra AI et de reconnaissance d&#039;articles AI pour mettre \u00e0 niveau votre syst\u00e8me de point de vente avec la reconnaissance automatique d&#039;articles AI.<\/b><\/p>\n<p><span style=\"color: #0070c0;\"><b>Excellentes fonctionnalit\u00e9s<\/b><\/span><span style=\"color: #333333;\"><br \/>\n<\/span><\/p>\n<ul>\n<li>Compatible avec Windows, Android et Linux.<\/li>\n<li>La cam\u00e9ra Wide Dynamic HD de 2 m\u00e9gapixels capture les d\u00e9tails des marchandises m\u00eame lorsqu&#039;elles sont recouvertes d&#039;un sac de transport transparent.<\/li>\n<li>La reconnaissance rapide des marchandises par l&#039;IA permet un pesage simple et simple<\/li>\n<\/ul>\n<p>&nbsp;<\/p>\n<ul>\n<li>Avec une d\u00e9tection rapide de 0,1 seconde, la pr\u00e9cision de d\u00e9tection de l&#039;algorithme de d\u00e9tection visuelle AI auto-d\u00e9velopp\u00e9 est sup\u00e9rieure \u00e0 99%.<\/li>\n<\/ul>\n<ul>\n<li>Le mod\u00e8le peut it\u00e9rer automatiquement, am\u00e9liorant la pr\u00e9cision du travail et l&#039;efficacit\u00e9 de la balance<\/li>\n<li>Utilisation simple et rapide pour le caissier, la recherche fastidieuse des articles n&#039;est plus n\u00e9cessaire<\/li>\n<li>Avec une interface USB standard, un angle de module de d\u00e9tection r\u00e9glable, il est facile \u00e0 fixer et compatible avec la plupart des caisses enregistreuses du march\u00e9 avec CPU J1800 ou RK3288 et sup\u00e9rieur.<\/li>\n<\/ul>","protected":false},"featured_media":24114,"comment_status":"closed","ping_status":"closed","template":"","meta":[],"product_cat":[20],"product_tag":[],"class_list":{"0":"post-24105","1":"product","2":"type-product","3":"status-publish","4":"has-post-thumbnail","6":"product_cat-accessories","8":"first","9":"instock","10":"shipping-taxable","11":"product-type-simple"},"_links":{"self":[{"href":"https:\/\/axlac.ch\/fr\/wp-json\/wp\/v2\/product\/24105","targetHints":{"allow":["GET"]}}],"collection":[{"href":"https:\/\/axlac.ch\/fr\/wp-json\/wp\/v2\/product"}],"about":[{"href":"https:\/\/axlac.ch\/fr\/wp-json\/wp\/v2\/types\/product"}],"replies":[{"embeddable":true,"href":"https:\/\/axlac.ch\/fr\/wp-json\/wp\/v2\/comments?post=24105"}],"version-history":[{"count":17,"href":"https:\/\/axlac.ch\/fr\/wp-json\/wp\/v2\/product\/24105\/revisions"}],"predecessor-version":[{"id":24526,"href":"https:\/\/axlac.ch\/fr\/wp-json\/wp\/v2\/product\/24105\/revisions\/24526"}],"wp:featuredmedia":[{"embeddable":true,"href":"https:\/\/axlac.ch\/fr\/wp-json\/wp\/v2\/media\/24114"}],"wp:attachment":[{"href":"https:\/\/axlac.ch\/fr\/wp-json\/wp\/v2\/media?parent=24105"}],"wp:term":[{"taxonomy":"product_cat","embeddable":true,"href":"https:\/\/axlac.ch\/fr\/wp-json\/wp\/v2\/product_cat?post=24105"},{"taxonomy":"product_tag","embeddable":true,"href":"https:\/\/axlac.ch\/fr\/wp-json\/wp\/v2\/product_tag?post=24105"}],"curies":[{"name":"wp","href":"https:\/\/api.w.org\/{rel}","templated":true}]}}