{"id":23830,"date":"2024-02-09T09:56:05","date_gmt":"2024-02-09T09:56:05","guid":{"rendered":"https:\/\/axlac.ch\/?post_type=product&#038;p=23830"},"modified":"2026-03-30T07:45:07","modified_gmt":"2026-03-30T07:45:07","slug":"os2x-kassenschnittstellenwaage-mit-artikelerkennungsfunktion","status":"publish","type":"product","link":"https:\/\/axlac.ch\/fr\/product\/os2x-kassenschnittstellenwaage-mit-artikelerkennungsfunktion\/","title":{"rendered":"Balance d&#039;interface de caisse enregistreuse OS2X avec fonction de reconnaissance d&#039;articles"},"content":{"rendered":"<div data-elementor-type=\"wp-post\" data-elementor-id=\"23830\" class=\"elementor elementor-23830\">\n\t\t\t\t\t\t<section class=\"wd-negative-gap elementor-section elementor-top-section elementor-element elementor-element-2ee3d73 elementor-section-boxed elementor-section-height-default elementor-section-height-default\" data-id=\"2ee3d73\" data-element_type=\"section\">\n\t\t\t\t\t\t<div class=\"elementor-container elementor-column-gap-default\">\n\t\t\t\t\t<div class=\"elementor-column elementor-col-100 elementor-top-column elementor-element elementor-element-b071ba1\" data-id=\"b071ba1\" data-element_type=\"column\">\n\t\t\t<div class=\"elementor-widget-wrap elementor-element-populated\">\n\t\t\t\t\t\t<div class=\"elementor-element elementor-element-a6e4336 wd-width-100 elementor-widget elementor-widget-wd_title\" data-id=\"a6e4336\" data-element_type=\"widget\" data-widget_type=\"wd_title.default\">\n\t\t\t\t<div class=\"elementor-widget-container\">\n\t\t\t\t\t\t\t<div class=\"title-wrapper wd-set-mb reset-last-child wd-title-color-default wd-title-style-underlined wd-title-size-default text-center\">\n\n\t\t\t\n\t\t\t<div class=\"liner-continer\">\n\t\t\t\t<h4 class=\"woodmart-title-container title wd-fontsize-l wd-underline-colored\">Caract\u00e9ristiques<\/h4> \n\t\t\t\t\t\t\t<\/div>\n\n\t\t\t\t\t<\/div>\n\t\t\t\t\t\t<\/div>\n\t\t\t\t<\/div>\n\t\t\t\t<div class=\"elementor-element elementor-element-62c84fd color-scheme-inherit text-left elementor-widget elementor-widget-text-editor\" data-id=\"62c84fd\" data-element_type=\"widget\" data-widget_type=\"text-editor.default\">\n\t\t\t\t<div class=\"elementor-widget-container\">\n\t\t\t\t\t\t\t\t\t<table width=\"1192\"><tbody><tr><td rowspan=\"2\" width=\"234\"><p>Types facultatifs<\/p><\/td><td colspan=\"4\" width=\"613\"><p>Type de bureau OS2CX<\/p><\/td><td colspan=\"3\" width=\"346\"><p>Type embarqu\u00e9 OS2IX<\/p><\/td><\/tr><tr><td width=\"147\"><p>OS2CX<\/p><\/td><td width=\"147\"><p>OS2CXK<\/p><\/td><td width=\"161\"><p>OS2CXB<\/p><\/td><td width=\"158\"><p>OS2CXP<\/p><\/td><td width=\"147\"><p>OS2IX<\/p><\/td><td colspan=\"2\" width=\"199\"><p>OS2IXD<\/p><\/td><\/tr><tr><td width=\"234\"><p>Caract\u00e9ristiques de base<\/p><\/td><td width=\"147\"><p>sans affichage<br \/>sans boutons<\/p><\/td><td width=\"147\"><p>sans affichage<br \/>avec deux boutons<\/p><\/td><td width=\"161\"><p>avec affichage de base<br \/>trois boutons<\/p><\/td><td width=\"158\"><p>avec colonne d&#039;affichage<br \/>trois boutons<\/p><\/td><td width=\"147\"><p>sans affichage<br \/>avec deux boutons<\/p><\/td><td colspan=\"2\" width=\"199\"><p>Avec poteau s\u00e9par\u00e9\u00a0;<br \/>Affichage et trois boutons<\/p><\/td><\/tr><tr><td rowspan=\"2\" width=\"234\"><p>dimension<\/p><\/td><td rowspan=\"2\" width=\"147\"><p>345*263*88mm<\/p><\/td><td rowspan=\"2\" width=\"147\"><p>345*263*88mm<\/p><\/td><td rowspan=\"2\" width=\"161\"><p>345*343*91mm<\/p><\/td><td rowspan=\"2\" width=\"158\"><p>435*345*338mm<\/p><\/td><td rowspan=\"2\" width=\"147\"><p>370*288*72mm<\/p><\/td><td width=\"52\"><p>Plaque<\/p><\/td><td width=\"147\"><p>370*288*72mm<\/p><\/td><\/tr><tr><td width=\"52\"><p>miser<\/p><\/td><td width=\"147\"><p>416*112*86mm<\/p><\/td><\/tr><tr><td width=\"234\"><p>Affichage client\/op\u00e9rateur<\/p><\/td><td colspan=\"7\" width=\"958\"><p>\u00c9cran LCD 5*8 pouces<\/p><\/td><\/tr><tr><td width=\"234\"><p>Capacit\u00e9 de pes\u00e9e (Max.)<\/p><\/td><td colspan=\"7\" width=\"958\"><p>6\/15kg\uff1b15\/30kg<\/p><\/td><\/tr><tr><td width=\"234\"><p>Minimum<\/p><\/td><td colspan=\"7\" width=\"958\"><p>2\/5g\u00a0; 5\/10g<\/p><\/td><\/tr><tr><td width=\"234\"><p>Plage de pes\u00e9e (min.)<\/p><\/td><td colspan=\"7\" width=\"958\"><p>40g \uff1b 100g<\/p><\/td><\/tr><tr><td width=\"234\"><p>Tare (Max.)<\/p><\/td><td colspan=\"7\" width=\"958\"><p>-5 998 kg\uff1b-14 995 kg<\/p><\/td><\/tr><tr><td width=\"234\"><p>R\u00e9solution interne<\/p><\/td><td colspan=\"7\" width=\"958\"><p>1\/30000<\/p><\/td><\/tr><tr><td width=\"234\"><p>Classe de pr\u00e9cision<\/p><\/td><td colspan=\"7\" width=\"958\"><p>\u2162<\/p><\/td><\/tr><tr><td width=\"234\"><p>interface<\/p><\/td><td colspan=\"7\" width=\"958\"><p>RS232<\/p><\/td><\/tr><tr><td width=\"234\"><p>Facultatif<\/p><\/td><td colspan=\"7\" width=\"958\"><p>Ligne de communication USB<\/p><\/td><\/tr><tr><td width=\"234\"><p>Temp\u00e9rature de fonctionnement<\/p><\/td><td colspan=\"7\" width=\"958\"><p>0\u2103-40\u2103\u00a0<\/p><\/td><\/tr><\/tbody><\/table>\t\t\t\t\t\t\t\t<\/div>\n\t\t\t\t<\/div>\n\t\t\t\t\t<\/div>\n\t\t<\/div>\n\t\t\t\t\t<\/div>\n\t\t<\/section>\n\t\t\t\t<\/div>","protected":false},"excerpt":{"rendered":"<p>Balance d&#039;interface OS2X POS avec cam\u00e9ra et logiciel de reconnaissance d&#039;articles automatis\u00e9s AI<\/p>\n<p>Vous n&#039;avez pas besoin de remplacer votre logiciel de caisse enregistreuse et de point de vente existant. Installez simplement notre balance avec la cam\u00e9ra aliment\u00e9e par l&#039;IA et un logiciel de reconnaissance de produits suppl\u00e9mentaire pour mettre \u00e0 niveau votre syst\u00e8me de point de vente avec la reconnaissance automatis\u00e9e des articles par l&#039;IA.<\/p>\n<p>Avec son design compact et son apparence \u00e9l\u00e9gante, la balance d&#039;interface OS2 POS peut \u00eatre utilis\u00e9e comme balance autonome pour l&#039;auto-pes\u00e9e et la pr\u00e9-pes\u00e9e, comme balance de caisse en se connectant au POS\/ECR, et comme balance d&#039;\u00e9tiquettes en se connectant \u00e0 une \u00e9tiquette. imprimante.<\/p>\n<p>Conception int\u00e9gr\u00e9e pour \u00e9conomiser de l&#039;espace sur le comptoir, pratique pour le pesage. Bouton capacitif haute sensibilit\u00e9, \u00e9tanche, antisalissure et facile \u00e0 nettoyer, capable de transmettre les donn\u00e9es de pes\u00e9e au POS\/ECR.<\/p>\n<p>Utilisation simple et rapide pour le caissier, la recherche fastidieuse des articles n&#039;est plus n\u00e9cessaire.<\/p>\n<ul>\n<li>Conception brevet\u00e9e \u00e0 l&#039;\u00e9preuve des insectes pour emp\u00eacher les insectes d&#039;entrer\u00a0; prolonge la dur\u00e9e de vie de la balance\u00a0;<\/li>\n<li>\u00c9cran inclinable facile \u00e0 lire avec 3 boutons de fonction<\/li>\n<li>Plage de double capacit\u00e9\u00a0: 6\/15\u00a0kg<\/li>\n<li>Connexion RS232\/USB pour caisses enregistreuses\/syst\u00e8mes POS courants\u00a0;<\/li>\n<\/ul>","protected":false},"featured_media":24352,"comment_status":"open","ping_status":"closed","template":"","meta":[],"product_cat":[20],"product_tag":[],"class_list":{"0":"post-23830","1":"product","2":"type-product","3":"status-publish","4":"has-post-thumbnail","6":"product_cat-accessories","8":"first","9":"instock","10":"shipping-taxable","11":"product-type-simple"},"_links":{"self":[{"href":"https:\/\/axlac.ch\/fr\/wp-json\/wp\/v2\/product\/23830","targetHints":{"allow":["GET"]}}],"collection":[{"href":"https:\/\/axlac.ch\/fr\/wp-json\/wp\/v2\/product"}],"about":[{"href":"https:\/\/axlac.ch\/fr\/wp-json\/wp\/v2\/types\/product"}],"replies":[{"embeddable":true,"href":"https:\/\/axlac.ch\/fr\/wp-json\/wp\/v2\/comments?post=23830"}],"version-history":[{"count":25,"href":"https:\/\/axlac.ch\/fr\/wp-json\/wp\/v2\/product\/23830\/revisions"}],"predecessor-version":[{"id":24524,"href":"https:\/\/axlac.ch\/fr\/wp-json\/wp\/v2\/product\/23830\/revisions\/24524"}],"wp:featuredmedia":[{"embeddable":true,"href":"https:\/\/axlac.ch\/fr\/wp-json\/wp\/v2\/media\/24352"}],"wp:attachment":[{"href":"https:\/\/axlac.ch\/fr\/wp-json\/wp\/v2\/media?parent=23830"}],"wp:term":[{"taxonomy":"product_cat","embeddable":true,"href":"https:\/\/axlac.ch\/fr\/wp-json\/wp\/v2\/product_cat?post=23830"},{"taxonomy":"product_tag","embeddable":true,"href":"https:\/\/axlac.ch\/fr\/wp-json\/wp\/v2\/product_tag?post=23830"}],"curies":[{"name":"wp","href":"https:\/\/api.w.org\/{rel}","templated":true}]}}