{"id":23787,"date":"2024-02-08T14:26:24","date_gmt":"2024-02-08T14:26:24","guid":{"rendered":"https:\/\/axlac.ch\/?post_type=product&#038;p=23787"},"modified":"2026-04-25T19:39:33","modified_gmt":"2026-04-25T19:39:33","slug":"is2x-selbstbedienungswaage-mit-artikelerkennungsfunktion","status":"publish","type":"product","link":"https:\/\/axlac.ch\/fr\/product\/is2x-selbstbedienungswaage-mit-artikelerkennungsfunktion\/","title":{"rendered":"Balance libre-service iS2X avec fonction de reconnaissance d&#039;articles"},"content":{"rendered":"<div data-elementor-type=\"wp-post\" data-elementor-id=\"23787\" class=\"elementor elementor-23787\">\n\t\t\t\t\t\t<section class=\"wd-negative-gap elementor-section elementor-top-section elementor-element elementor-element-6741c6e8 elementor-section-boxed elementor-section-height-default elementor-section-height-default\" data-id=\"6741c6e8\" data-element_type=\"section\">\n\t\t\t\t\t\t<div class=\"elementor-container elementor-column-gap-default\">\n\t\t\t\t\t<div class=\"elementor-column elementor-col-100 elementor-top-column elementor-element elementor-element-65039c5b\" data-id=\"65039c5b\" data-element_type=\"column\">\n\t\t\t<div class=\"elementor-widget-wrap elementor-element-populated\">\n\t\t\t\t\t\t<div class=\"elementor-element elementor-element-58a11a3e wd-width-100 elementor-widget elementor-widget-wd_title\" data-id=\"58a11a3e\" data-element_type=\"widget\" data-widget_type=\"wd_title.default\">\n\t\t\t\t<div class=\"elementor-widget-container\">\n\t\t\t\t\t\t\t<div class=\"title-wrapper wd-set-mb reset-last-child wd-title-color-default wd-title-style-underlined wd-title-size-default text-center\">\n\n\t\t\t\n\t\t\t<div class=\"liner-continer\">\n\t\t\t\t<h4 class=\"woodmart-title-container title wd-fontsize-l wd-underline-colored\">les particularit\u00e9s<\/h4> \n\t\t\t\t\t\t\t<\/div>\n\n\t\t\t\t\t<\/div>\n\t\t\t\t\t\t<\/div>\n\t\t\t\t<\/div>\n\t\t\t\t<div class=\"elementor-element elementor-element-871c89f color-scheme-inherit text-left elementor-widget elementor-widget-text-editor\" data-id=\"871c89f\" data-element_type=\"widget\" data-widget_type=\"text-editor.default\">\n\t\t\t\t<div class=\"elementor-widget-container\">\n\t\t\t\t\t\t\t\t\t<ul><li><p>Avec le puissant logiciel de gestion de balance LINK69, iS2X prend en charge diverses fonctions pratiques, telles que la correspondance automatique des produits frais avec leurs photos, l&#039;\u00e9dition d&#039;\u00e9tiquettes, le t\u00e9l\u00e9chargement de 32 types de conception d&#039;\u00e9tiquettes, la mise en r\u00e9seau automatique, l&#039;amarrage avec divers syst\u00e8mes backend existants, le traitement des noms de produits ainsi que ainsi que le t\u00e9l\u00e9chargement et la gestion des photos.<\/p><p>Fonctionnant avec l&#039;\u00e9tiquette \u00e9lectronique de rayon Axlac (ESL), le prix est automatiquement mis \u00e0 jour avec l&#039;ESL une fois le prix modifi\u00e9 sur la balance, sans qu&#039;il soit n\u00e9cessaire de modifier manuellement l&#039;\u00e9tiquette de prix.<\/p><ul><li>La vitesse de d\u00e9tection de 0,1 et la haute pr\u00e9cision du 99% sur les marchandises emball\u00e9es de mani\u00e8re transparente gr\u00e2ce \u00e0 un algorithme de reconnaissance visuelle IA<\/li><li>Le client gagne du temps et profite d\u2019un syst\u00e8me simple et convivial, facile \u00e0 utiliser par tout le monde.<\/li><li>Le mod\u00e8le peut it\u00e9rer automatiquement, augmentant ainsi la pr\u00e9cision du travail et l&#039;efficacit\u00e9 de la balance. Gr\u00e2ce \u00e0 l\u2019IA, la balance apprend et am\u00e9liore constamment l\u2019exp\u00e9rience d\u2019achat des clients.<\/li><li>Reconnaissance hors ligne et attribution semi-automatique du nom, de la premi\u00e8re lettre ou du num\u00e9ro du PLU. Notre balance peut \u00eatre utilis\u00e9e comme une balance normale m\u00eame sans acc\u00e8s Internet<\/li><li>1 \u00e0 3 photos du r\u00e9sultat de la reconnaissance sont affich\u00e9es sur l&#039;\u00e9cran pour permettre la s\u00e9lection de produits similaires et pour \u00e9viter les erreurs. Avec une utilisation croissante, la balance apprend \u00e0 s&#039;identifier.<\/li><li>Notre balance peut imprimer plusieurs produits sur une seule \u00e9tiquette en m\u00eame temps, \u00e9conomisant ainsi du temps et de l&#039;argent.<\/li><li>La structure brevet\u00e9e de l&#039;imprimante prend en charge trois types de papier : \u00e9tiquettes avec support papier, papier pour \u00e9tiquettes sans support ou papier pour re\u00e7us. IS2X poss\u00e8de toutes les excellentes fonctionnalit\u00e9s de la balance d&#039;\u00e9tiquettes Axlac, y compris 32 types de formats d&#039;\u00e9tiquettes et des fonctions exceptionnelles en un clic telles que plusieurs articles sur une seule \u00e9tiquette, des produits emball\u00e9s, la vente \u00e0 la pi\u00e8ce, un emballage continu et rapide sans avoir \u00e0 lever constamment la main pour utilisation de l&#039;\u00e9cran.<\/li><\/ul><\/li><\/ul>\t\t\t\t\t\t\t\t<\/div>\n\t\t\t\t<\/div>\n\t\t\t\t\t<\/div>\n\t\t<\/div>\n\t\t\t\t\t<\/div>\n\t\t<\/section>\n\t\t\t\t<section class=\"wd-negative-gap elementor-section elementor-top-section elementor-element elementor-element-d2582d3 elementor-section-boxed elementor-section-height-default elementor-section-height-default\" data-id=\"d2582d3\" data-element_type=\"section\">\n\t\t\t\t\t\t<div class=\"elementor-container elementor-column-gap-default\">\n\t\t\t\t\t<div class=\"elementor-column elementor-col-100 elementor-top-column elementor-element elementor-element-3195ce5\" data-id=\"3195ce5\" data-element_type=\"column\">\n\t\t\t<div class=\"elementor-widget-wrap elementor-element-populated\">\n\t\t\t\t\t\t<div class=\"elementor-element elementor-element-3309d1c wd-width-100 elementor-widget elementor-widget-wd_title\" data-id=\"3309d1c\" data-element_type=\"widget\" data-widget_type=\"wd_title.default\">\n\t\t\t\t<div class=\"elementor-widget-container\">\n\t\t\t\t\t\t\t<div class=\"title-wrapper wd-set-mb reset-last-child wd-title-color-default wd-title-style-underlined wd-title-size-default text-center\">\n\n\t\t\t\n\t\t\t<div class=\"liner-continer\">\n\t\t\t\t<h4 class=\"woodmart-title-container title wd-fontsize-l wd-underline-colored\">Excellentes fonctionnalit\u00e9s<\/h4> \n\t\t\t\t\t\t\t<\/div>\n\n\t\t\t\t\t<\/div>\n\t\t\t\t\t\t<\/div>\n\t\t\t\t<\/div>\n\t\t\t\t<div class=\"elementor-element elementor-element-93a9042 color-scheme-inherit text-left elementor-widget elementor-widget-text-editor\" data-id=\"93a9042\" data-element_type=\"widget\" data-widget_type=\"text-editor.default\">\n\t\t\t\t<div class=\"elementor-widget-container\">\n\t\t\t\t\t\t\t\t\t<p>Avec une conception r\u00e9glable de l&#039;angle d&#039;affichage pour diff\u00e9rentes hauteurs d&#039;utilisateur.<\/p><p>Logiciel : interface personnalis\u00e9e, fonctionnement simple et pratique, personnalisable avec des images individuelles.<\/p><p>Affichage : \u00c9cran HD 11,6\u2033, \u00e9cran tactile capacitif, aucun entretien et haute fiabilit\u00e9. \u00c9cran tactile capacitif \u00e9tanche, id\u00e9al pour une utilisation avec les mains mouill\u00e9es. Avec fonction WiFi pour prendre en charge les PLU en temps r\u00e9el, mettre \u00e0 l&#039;\u00e9chelle l&#039;\u00e9change de donn\u00e9es et faciliter la gestion des succursales.<\/p><p>Avec une plate-forme de pes\u00e9e s\u00e9par\u00e9e en bas et une imprimante au-dessus de la balance, am\u00e9liorant la r\u00e9sistance \u00e0 l&#039;eau.<\/p><p>Grande plateforme de pes\u00e9e, pratique pour peser. Le module d&#039;impression avec m\u00e9canisme de papier vertical peut emp\u00eacher le sable, la poussi\u00e8re et d&#039;autres particules de coller au rouleau de papier et d&#039;endommager la t\u00eate d&#039;impression. L&#039;imprimante d&#039;\u00e9tiquettes sans support en option peut r\u00e9duire les co\u00fbts des consommables jusqu&#039;\u00e0 10-15%, ce qui est \u00e9galement extr\u00eamement respectueux de l&#039;environnement.<\/p>\t\t\t\t\t\t\t\t<\/div>\n\t\t\t\t<\/div>\n\t\t\t\t\t<\/div>\n\t\t<\/div>\n\t\t\t\t\t<\/div>\n\t\t<\/section>\n\t\t\t\t<section class=\"wd-negative-gap elementor-section elementor-top-section elementor-element elementor-element-2ee3d73 elementor-section-boxed elementor-section-height-default elementor-section-height-default\" data-id=\"2ee3d73\" data-element_type=\"section\">\n\t\t\t\t\t\t<div class=\"elementor-container elementor-column-gap-default\">\n\t\t\t\t\t<div class=\"elementor-column elementor-col-100 elementor-top-column elementor-element elementor-element-b071ba1\" data-id=\"b071ba1\" data-element_type=\"column\">\n\t\t\t<div class=\"elementor-widget-wrap elementor-element-populated\">\n\t\t\t\t\t\t<div class=\"elementor-element elementor-element-a6e4336 wd-width-100 elementor-widget elementor-widget-wd_title\" data-id=\"a6e4336\" data-element_type=\"widget\" data-widget_type=\"wd_title.default\">\n\t\t\t\t<div class=\"elementor-widget-container\">\n\t\t\t\t\t\t\t<div class=\"title-wrapper wd-set-mb reset-last-child wd-title-color-default wd-title-style-underlined wd-title-size-default text-center\">\n\n\t\t\t\n\t\t\t<div class=\"liner-continer\">\n\t\t\t\t<h4 class=\"woodmart-title-container title wd-fontsize-l wd-underline-colored\">Caract\u00e9ristiques<\/h4> \n\t\t\t\t\t\t\t<\/div>\n\n\t\t\t\t\t<\/div>\n\t\t\t\t\t\t<\/div>\n\t\t\t\t<\/div>\n\t\t\t\t<div class=\"elementor-element elementor-element-62c84fd color-scheme-inherit text-left elementor-widget elementor-widget-text-editor\" data-id=\"62c84fd\" data-element_type=\"widget\" data-widget_type=\"text-editor.default\">\n\t\t\t\t<div class=\"elementor-widget-container\">\n\t\t\t\t\t\t\t\t\t<table width=\"1192\"><tbody><tr><td colspan=\"2\" width=\"378\"><p>Mod\u00e8le<\/p><\/td><td width=\"436\"><p>iS2XBN<\/p><\/td><td width=\"378\"><p>iS2XBC<\/p><\/td><\/tr><tr><td colspan=\"2\" width=\"378\"><p>\u00c9cran op\u00e9rateur<\/p><\/td><td width=\"436\"><p>R\u00e9solution de l\u2019\u00e9cran tactile capacitif de 11,6\u2033\u00a0: 1366*768<\/p><\/td><td width=\"378\"><p>\u00c9cran tactile capacitif de 11,6\u2033<br \/>R\u00e9solution: 1366*768<\/p><\/td><\/tr><tr><td colspan=\"2\" width=\"378\"><p>Affichage client<\/p><\/td><td width=\"436\"><p>Facultatif.\u00a0<\/p><\/td><td width=\"378\"><p>\u00c9cran LCD matriciel 65*132 points<\/p><\/td><\/tr><tr><td colspan=\"2\" width=\"378\"><p>Type d&#039;\u00e9cran tactile<\/p><\/td><td colspan=\"2\" width=\"814\"><p>\u00c9cran tactile capacitif<\/p><\/td><\/tr><tr><td colspan=\"2\" width=\"378\"><p>Capacit\u00e9 de pes\u00e9e (Max.)<\/p><\/td><td colspan=\"2\" width=\"814\"><p>6 kg\/15 kg\u00a0; 15kg\/30kg<\/p><\/td><\/tr><tr><td colspan=\"2\" width=\"378\"><p>Valeur de division<\/p><\/td><td colspan=\"2\" width=\"814\"><p>2g\/5g\u00a0; 5g\/10g<\/p><\/td><\/tr><tr><td colspan=\"2\" width=\"378\"><p>O.S.<\/p><\/td><td colspan=\"2\" width=\"814\"><p>Windows 10, Linux, Android 9.0<\/p><\/td><\/tr><tr><td colspan=\"2\" width=\"378\"><p>CPU<\/p><\/td><td colspan=\"2\" width=\"814\"><p>Intel Z3735, quad core, jusqu&#039;\u00e0 1,83 GHz<\/p><\/td><\/tr><tr><td colspan=\"2\" width=\"378\"><p>Stockage<\/p><\/td><td colspan=\"2\" width=\"814\"><p>2 Go de RAM<\/p><\/td><\/tr><tr><td colspan=\"2\" width=\"378\"><p>Capacit\u00e9 de stockage<\/p><\/td><td colspan=\"2\" width=\"814\"><p>32\u00a0Go de m\u00e9moire EMMC<\/p><\/td><\/tr><tr><td colspan=\"2\" width=\"378\"><p>Type de PLU<\/p><\/td><td colspan=\"2\" width=\"814\"><p>Num\u00e9ro PLU, nom PLU, num\u00e9ro article, prix unitaire, unit\u00e9 de prix, premi\u00e8re \u00e9tiquette, deuxi\u00e8me \u00e9tiquette, tare, code barre, d\u00e9partement, groupe, date d&#039;emballage, d\u00e9lai d&#039;emballage, date de conservation, poids, type d&#039;emballage (normal, poids fixe, prix fixe , poids et prix fixes), informations nutritionnelles, code de tra\u00e7abilit\u00e9, informations compl\u00e9mentaires 1, informations compl\u00e9mentaires 2, remise<\/p><\/td><\/tr><tr><td colspan=\"2\" width=\"378\"><p>Type de code-barres<\/p><\/td><td colspan=\"2\" width=\"814\"><p>EAN 8, EAN 13, EAN 128, crypt\u00e9 2\/5, Gs1, code QR, code QR Silicon sense, etc.<\/p><\/td><\/tr><tr><td colspan=\"2\" width=\"378\"><p>Fonctionnalit\u00e9s optionnelles<\/p><\/td><td colspan=\"2\" width=\"814\"><p>WIFI, papier pour \u00e9tiquettes sans doublure<\/p><\/td><\/tr><tr><td rowspan=\"3\" width=\"206\"><p>Imprimante<\/p><\/td><td width=\"172\"><p>Type de papier<\/p><\/td><td colspan=\"2\" width=\"814\"><p>Papier pour \u00e9tiquettes thermiques, largeur du papier 62 mm, maximum \u03a690 mm (int\u00e9rieur \u03a628 mm), maximum \u03a680 mm (int\u00e9rieur \u03a640 mm) ;<\/p><\/td><\/tr><tr><td width=\"172\"><p>Largeur d&#039;impression<\/p><\/td><td colspan=\"2\" width=\"814\"><p>56mm<\/p><\/td><\/tr><tr><td width=\"172\"><p>Vitesse d&#039;impression<\/p><\/td><td colspan=\"2\" width=\"814\"><p>120 mm\/s<\/p><\/td><\/tr><tr><td colspan=\"2\" width=\"378\"><p>Type de communication<\/p><\/td><td colspan=\"2\" width=\"814\"><p>1 * Ethernet, 1 * RS232, 1 * USB<\/p><\/td><\/tr><tr><td colspan=\"2\" width=\"378\"><p>\u00c9lectricit\u00e9<\/p><\/td><td colspan=\"2\" width=\"814\"><p>CA 100 ~ 240 V 50 ~ 60 Hz ; CC 13,8 V 3,2 A.<\/p><\/td><\/tr><tr><td colspan=\"2\" width=\"378\"><p>Temp\u00e9rature de fonctionnement<\/p><\/td><td colspan=\"2\" width=\"814\"><p>0\u2103~40\u2103<\/p><\/td><\/tr><tr><td colspan=\"2\" width=\"378\"><p>Humidit\u00e9 de travail<\/p><\/td><td colspan=\"2\" width=\"814\"><p>5%~85%R.H.<\/p><\/td><\/tr><\/tbody><\/table><p>\u00a0<\/p>\t\t\t\t\t\t\t\t<\/div>\n\t\t\t\t<\/div>\n\t\t\t\t\t<\/div>\n\t\t<\/div>\n\t\t\t\t\t<\/div>\n\t\t<\/section>\n\t\t\t\t<\/div>","protected":false},"excerpt":{"rendered":"<p><strong>Balance libre-service iS2X avec fonction de reconnaissance d&#039;articles <\/strong><\/p>\n<p>Reconnaissance intelligente des objets : les objets peuvent \u00eatre automatiquement reconnus par la cam\u00e9ra int\u00e9gr\u00e9e de la balance. Il n&#039;est plus n\u00e9cessaire de rechercher des articles connexes sur les pages PLU.<\/p>\n<p>Pr\u00e9cision 99% pour les marchandises emball\u00e9es de mani\u00e8re transparente et vitesse de d\u00e9tection de 0,1 s.<\/p>\n<p>Une vitesse et une pr\u00e9cision de d\u00e9tection \u00e9lev\u00e9es acc\u00e9l\u00e8rent le processus de pes\u00e9e et r\u00e9duisent le temps d&#039;attente, ce qui am\u00e9liore consid\u00e9rablement l&#039;exp\u00e9rience d&#039;achat des clients.<\/p>\n<p>Compatibilit\u00e9 de caisse POS : peut \u00eatre facilement connect\u00e9 et les donn\u00e9es de pes\u00e9e peuvent \u00eatre transf\u00e9r\u00e9es en douceur de la station POS \u00e0 la caisse enregistreuse.<\/p>","protected":false},"featured_media":24228,"comment_status":"open","ping_status":"closed","template":"","meta":[],"product_cat":[20],"product_tag":[],"class_list":{"0":"post-23787","1":"product","2":"type-product","3":"status-publish","4":"has-post-thumbnail","6":"product_cat-accessories","8":"first","9":"instock","10":"shipping-taxable","11":"product-type-simple"},"_links":{"self":[{"href":"https:\/\/axlac.ch\/fr\/wp-json\/wp\/v2\/product\/23787","targetHints":{"allow":["GET"]}}],"collection":[{"href":"https:\/\/axlac.ch\/fr\/wp-json\/wp\/v2\/product"}],"about":[{"href":"https:\/\/axlac.ch\/fr\/wp-json\/wp\/v2\/types\/product"}],"replies":[{"embeddable":true,"href":"https:\/\/axlac.ch\/fr\/wp-json\/wp\/v2\/comments?post=23787"}],"version-history":[{"count":40,"href":"https:\/\/axlac.ch\/fr\/wp-json\/wp\/v2\/product\/23787\/revisions"}],"predecessor-version":[{"id":24527,"href":"https:\/\/axlac.ch\/fr\/wp-json\/wp\/v2\/product\/23787\/revisions\/24527"}],"wp:featuredmedia":[{"embeddable":true,"href":"https:\/\/axlac.ch\/fr\/wp-json\/wp\/v2\/media\/24228"}],"wp:attachment":[{"href":"https:\/\/axlac.ch\/fr\/wp-json\/wp\/v2\/media?parent=23787"}],"wp:term":[{"taxonomy":"product_cat","embeddable":true,"href":"https:\/\/axlac.ch\/fr\/wp-json\/wp\/v2\/product_cat?post=23787"},{"taxonomy":"product_tag","embeddable":true,"href":"https:\/\/axlac.ch\/fr\/wp-json\/wp\/v2\/product_tag?post=23787"}],"curies":[{"name":"wp","href":"https:\/\/api.w.org\/{rel}","templated":true}]}}