{"id":24647,"date":"2024-04-30T12:01:13","date_gmt":"2024-04-30T12:01:13","guid":{"rendered":"https:\/\/axlac.ch\/?page_id=24647"},"modified":"2024-11-26T12:59:33","modified_gmt":"2024-11-26T12:59:33","slug":"waage-mit-kassensystem","status":"publish","type":"page","link":"https:\/\/axlac.ch\/fr\/waage-mit-kassensystem\/","title":{"rendered":"Balances avec syst\u00e8me de caisse enregistreuse"},"content":{"rendered":"<p>Dans le monde des affaires d&#039;aujourd&#039;hui, il est essentiel de tirer parti des technologies innovantes pour rendre les op\u00e9rations plus efficaces et plus rentables. L\u2019une de ces technologies qui s\u2019est av\u00e9r\u00e9e extr\u00eamement b\u00e9n\u00e9fique est la balance au point de vente. Ces appareils avanc\u00e9s combinent les fonctions d\u2019une balance avec les avantages d\u2019un syst\u00e8me POS, offrant ainsi de nombreux avantages aux entreprises. Dans cet article, je vais vous expliquer les avantages de l&#039;utilisation des balances avec des syst\u00e8mes de point de vente, vous pr\u00e9senter diff\u00e9rents types de balances, mettre en \u00e9vidence les caract\u00e9ristiques importantes lors du choix d&#039;une balance avec un syst\u00e8me de point de vente et vous donner des conseils sur la fa\u00e7on de les int\u00e9grer efficacement dans votre entreprise. Plongeons-en et apprenons-en davantage sur le monde des balances POS.<\/p>\n\n\n\n<h2 class=\"wp-block-heading\">Avantages de l&#039;utilisation d&#039;une balance avec un syst\u00e8me de caisse enregistreuse<\/h2>\n\n\n\n<ol class=\"wp-block-list\">\n<li>Efficacit\u00e9 accrue\u00a0: une balance avec un syst\u00e8me de point de vente vous permet de saisir les donn\u00e9es de poids directement dans le syst\u00e8me de point de vente au lieu de les enregistrer manuellement. Cela permet de gagner du temps et de minimiser les erreurs pouvant survenir lors de la saisie manuelle. De plus, certaines balances de point de vente avanc\u00e9es vous permettent \u00e9galement de scanner des codes-barres pour acc\u00e9l\u00e9rer davantage le processus de vente.<\/li>\n\n\n\n<li>Contr\u00f4le des stocks\u00a0: en int\u00e9grant une balance \u00e0 un syst\u00e8me de point de vente, vous avez un meilleur contr\u00f4le sur votre inventaire. La balance peut enregistrer automatiquement le poids des produits vendus et mettre \u00e0 jour les donn\u00e9es d&#039;inventaire correspondantes. Cela vous permet d&#039;identifier rapidement les goulots d&#039;\u00e9tranglement dans les stocks et de passer des commandes r\u00e9p\u00e9t\u00e9es en temps opportun.<\/li>\n\n\n\n<li>Exp\u00e9rience client am\u00e9lior\u00e9e\u00a0: avec une balance dot\u00e9e d\u2019un syst\u00e8me de point de vente, vous pouvez offrir \u00e0 vos clients une exp\u00e9rience d\u2019achat fluide. En collectant automatiquement les donn\u00e9es de poids et en vous int\u00e9grant au syst\u00e8me de point de vente, vous pouvez acc\u00e9l\u00e9rer le processus de paiement et r\u00e9duire les files d&#039;attente. Cela conduit \u00e0 des clients plus satisfaits et \u00e0 une plus grande fid\u00e9lit\u00e9 des clients.<\/li>\n<\/ol>\n\n\n\n<h2 class=\"wp-block-heading\">Types de balances avec syst\u00e8me de caisse enregistreuse<\/h2>\n\n\n\n<ul class=\"wp-block-list\">\n<li>Balances de calcul des prix : Ce type de balance est particuli\u00e8rement utile dans les magasins de d\u00e9tail o\u00f9 le prix est calcul\u00e9 en fonction du poids du produit. Vous pouvez saisir le prix unitaire et la balance calculera automatiquement le prix total en fonction du poids du produit.<\/li>\n\n\n\n<li>Balances d&#039;\u00e9tiquetage : les balances d&#039;\u00e9tiquetage sont id\u00e9ales pour les magasins qui doivent \u00e9tiqueter les emballages. Ces balances peuvent enregistrer le poids d&#039;un produit et imprimer automatiquement une \u00e9tiquette avec le poids et le prix correspondants.<\/li>\n\n\n\n<li>Balances de manutention\u00a0: Ces balances robustes sont con\u00e7ues pour \u00eatre utilis\u00e9es dans les entrep\u00f4ts et les installations de fabrication. Vous pouvez peser des charges volumineuses telles que des palettes ou des conteneurs et transf\u00e9rer les donn\u00e9es vers le syst\u00e8me POS pour faciliter les processus d&#039;inventaire et d&#039;exp\u00e9dition.<\/li>\n<\/ul>\n\n\n\n<h2 class=\"wp-block-heading\">Caract\u00e9ristiques importantes lors du choix d&#039;une balance avec un syst\u00e8me POS<\/h2>\n\n\n\n<ul class=\"wp-block-list\">\n<li>Pr\u00e9cision : Une balance pr\u00e9cise est essentielle pour capturer des donn\u00e9es de poids pr\u00e9cises. Assurez-vous de choisir une balance avec une pr\u00e9cision de mesure \u00e9lev\u00e9e pour minimiser les erreurs.<\/li>\n\n\n\n<li>Connectivit\u00e9\u00a0: assurez-vous que la balance est compatible avec votre syst\u00e8me de point de vente et dispose des interfaces n\u00e9cessaires. Une int\u00e9gration transparente est cruciale pour maximiser l\u2019efficacit\u00e9.<\/li>\n\n\n\n<li>Facilit\u00e9 d&#039;utilisation\u00a0: choisissez une balance dot\u00e9e d&#039;un panneau de commande facile \u00e0 utiliser et d&#039;une interface intuitive. Cela facilite son utilisation et r\u00e9duit le temps de formation de votre personnel.<\/li>\n<\/ul>\n\n\n\n<h2 class=\"wp-block-heading\">Int\u00e9gration de balances avec des syst\u00e8mes POS dans votre entreprise<\/h2>\n\n\n\n<p>L&#039;int\u00e9gration d&#039;une balance avec un syst\u00e8me de point de vente dans votre entreprise n\u00e9cessite quelques \u00e9tapes pour garantir que tout se passe bien. Voici quelques \u00e9tapes importantes \u00e0 consid\u00e9rer\u00a0:<\/p>\n\n\n\n<ol class=\"wp-block-list\">\n<li>Choisir la bonne balance : en fonction des besoins de votre entreprise et des produits que vous souhaitez peser, vous devez choisir le bon type et la bonne taille de balance.<\/li>\n\n\n\n<li>Configuration et installation\u00a0: assurez-vous que le syst\u00e8me de point de vente et la balance sont correctement configur\u00e9s et install\u00e9s. V\u00e9rifiez la connectivit\u00e9 et ex\u00e9cutez quelques transactions de test pour vous assurer que tout fonctionne correctement.<\/li>\n\n\n\n<li>Formation des employ\u00e9s\u00a0: offrez une formation \u00e0 votre personnel pour vous assurer qu&#039;il peut utiliser efficacement la balance et le syst\u00e8me de point de vente. Informez-les sur les avantages et les fonctionnalit\u00e9s et donnez-leur la possibilit\u00e9 de poser des questions.<\/li>\n<\/ol>\n\n\n\n<h2 class=\"wp-block-heading\">Conseils pour utiliser efficacement les balances avec les syst\u00e8mes de point de vente<\/h2>\n\n\n\n<ol class=\"wp-block-list\">\n<li>Entretien r\u00e9gulier\u00a0: effectuez un entretien r\u00e9gulier de votre balance pour vous assurer qu&#039;elle est toujours pr\u00e9cise et fonctionnelle. Nettoyez r\u00e9guli\u00e8rement la balance et v\u00e9rifiez que tous les composants fonctionnent correctement.<\/li>\n\n\n\n<li>Formation du personnel\u00a0: tenez votre personnel inform\u00e9 des nouvelles fonctionnalit\u00e9s et mises \u00e0 jour int\u00e9gr\u00e9es au syst\u00e8me de point de vente ou \u00e0 la balance. Cela garantit qu\u2019ils peuvent tirer le meilleur parti de ces technologies.<\/li>\n\n\n\n<li>Am\u00e9lioration continue\u00a0: Analysez r\u00e9guli\u00e8rement les donn\u00e9es g\u00e9n\u00e9r\u00e9es par la balance et le syst\u00e8me de point de vente pour identifier les domaines \u00e0 am\u00e9liorer. Utilisez ces informations pour optimiser vos processus m\u00e9tier et augmenter votre rentabilit\u00e9.<\/li>\n<\/ol>\n\n\n\n<h2 class=\"wp-block-heading\">Conclusion et r\u00e9flexions finales<\/h2>\n\n\n\n<p>L&#039;utilisation d&#039;une balance avec un syst\u00e8me de point de vente offre aux entreprises de nombreux avantages, notamment une efficacit\u00e9 accrue, un contr\u00f4le des stocks et une exp\u00e9rience client am\u00e9lior\u00e9e. En vous familiarisant avec les diff\u00e9rents types de balances de point de vente et en prenant en compte les caract\u00e9ristiques importantes lors de votre s\u00e9lection, vous pourrez faire le bon choix pour votre entreprise. L&#039;int\u00e9gration d&#039;une telle balance dans votre syst\u00e8me de point de vente n\u00e9cessite une planification et une formation minutieuses, mais les avantages d\u00e9passent de loin les tracas. Utilisez cette technologie efficacement en effectuant une maintenance r\u00e9guli\u00e8re et en formant votre personnel. De cette fa\u00e7on, vous pourrez tirer le meilleur parti de votre entreprise et augmenter vos b\u00e9n\u00e9fices.<\/p>","protected":false},"excerpt":{"rendered":"<p>In der heutigen Gesch\u00e4ftswelt ist es unerl\u00e4sslich, innovative Technologien zu nutzen, um den Betrieb effizienter und profitabler zu gestalten. Eine<\/p>","protected":false},"author":1,"featured_media":24584,"parent":0,"menu_order":0,"comment_status":"closed","ping_status":"closed","template":"","meta":{"footnotes":""},"class_list":["post-24647","page","type-page","status-publish","has-post-thumbnail","hentry"],"rankMath":{"parentDomain":"axlac.ch","noFollowDomains":[],"noFollowExcludeDomains":[],"noFollowExternalLinks":false,"featuredImageNotice":"L\u2019image en vedette devrait \u00eatre au moins 200 par 200 pixels pour \u00eatre utilis\u00e9 par Facebook et d\u2019autres sites de m\u00e9dias sociaux.","pluginReviewed":false,"postSettings":{"linkSuggestions":true,"useFocusKeyword":false},"frontEndScore":false,"postName":"waage-mit-kassensystem","permalinkFormat":"https:\/\/axlac.ch\/fr\/%pagename%\/","showLockModifiedDate":true,"assessor":{"focusKeywordLink":"https:\/\/axlac.ch\/wp-admin\/edit.php?focus_keyword=%focus_keyword%&post_type=%post_type%","hasTOCPlugin":false,"primaryTaxonomy":false,"serpData":{"title":"","description":"","focusKeywords":"Waage mit Kassensystem","pillarContent":false,"canonicalUrl":"","breadcrumbTitle":"","advancedRobots":[],"facebookTitle":"","facebookDescription":"","facebookImage":"","facebookImageID":"","facebookHasOverlay":false,"facebookImageOverlay":"","facebookAuthor":"","twitterCardType":"","twitterUseFacebook":true,"twitterTitle":"","twitterDescription":"","twitterImage":"","twitterImageID":"","twitterHasOverlay":false,"twitterImageOverlay":"","twitterPlayerUrl":"","twitterPlayerSize":"","twitterPlayerStream":"","twitterPlayerStreamCtype":"","twitterAppDescription":"","twitterAppIphoneName":"","twitterAppIphoneID":"","twitterAppIphoneUrl":"","twitterAppIpadName":"","twitterAppIpadID":"","twitterAppIpadUrl":"","twitterAppGoogleplayName":"","twitterAppGoogleplayID":"","twitterAppGoogleplayUrl":"","twitterAppCountry":"","robots":{"index":true},"twitterAuthor":"identifiant","primaryTerm":0,"authorName":"axlac_admin","titleTemplate":"%title% %sep% %sitename%","descriptionTemplate":"%excerpt%","showScoreFrontend":true,"lockModifiedDate":false},"powerWords":["absolument","amazement","astonishing","authentique","beau","bien-\u00eatre","brillant","captivant","charismatique","choc","clair","compl\u00e8tement","confidentiel","confiance","cons\u00e9quent","cr\u00e9atif","d\u00e9finitivement","d\u00e9licieux","d\u00e9montrer","d\u00e9p\u00eachez-vous","d\u00e9termin\u00e9","digne","dynamique","\u00e9blouissant","\u00e9clatant","\u00e9conomique","\u00e9fficace","\u00e9l\u00e9gant","\u00e9motionnel","\u00e9nergique","\u00e9norme","\u00e9poustouflant","essentiel","\u00e9tonnant","exclusif","exp\u00e9rience","fabuleux","fantastique","formidable","fort","garanti","g\u00e9ant","g\u00e9n\u00e9reux","grandiose","gratuit","habile","harmonieux","historique","hors pair","important","incroyable","indispensable","inoubliable","inspirant","innovant","intense","invention","irr\u00e9sistible","l\u00e9gendaire","lumineux","luxe","magique","magnifique","majestueux","marquant","merveilleux","miraculeux","motivant","n\u00e9cessaire","nouvelle","officiel","parfait","passionn\u00e9","persuasif","ph\u00e9nom\u00e9nal","plaisir","populaire","pouvoir","prestigieux","prodigieux","profond","prosp\u00e8re","puissant","qualit\u00e9","radieux","rapide","r\u00e9ussi","r\u00e9volutionnaire","satisfait","s\u00e9curit\u00e9","sensationnel","serein","somptueux","splendide","sublime","surprenant","talentueux","terrifiant","unique","valeur","vibrant","victorieux","vif","vraiment","z\u00e9l\u00e9"],"diacritics":{"A":"[\\u0041\\u24B6\\uFF21\\u00C0\\u00C1\\u00C2\\u1EA6\\u1EA4\\u1EAA\\u1EA8\\u00C3\\u0100\\u0102\\u1EB0\\u1EAE\\u1EB4\\u1EB2\\u0226\\u01E0\\u00C4\\u01DE\\u1EA2\\u00C5\\u01FA\\u01CD\\u0200\\u0202\\u1EA0\\u1EAC\\u1EB6\\u1E00\\u0104\\u023A\\u2C6F]","AA":"[\\uA732]","AE":"[\\u00C6\\u01FC\\u01E2]","AO":"[\\uA734]","AU":"[\\uA736]","AV":"[\\uA738\\uA73A]","AY":"[\\uA73C]","B":"[\\u0042\\u24B7\\uFF22\\u1E02\\u1E04\\u1E06\\u0243\\u0182\\u0181]","C":"[\\u0043\\u24B8\\uFF23\\u0106\\u0108\\u010A\\u010C\\u00C7\\u1E08\\u0187\\u023B\\uA73E]","D":"[\\u0044\\u24B9\\uFF24\\u1E0A\\u010E\\u1E0C\\u1E10\\u1E12\\u1E0E\\u0110\\u018B\\u018A\\u0189\\uA779]","DZ":"[\\u01F1\\u01C4]","Dz":"[\\u01F2\\u01C5]","E":"[\\u0045\\u24BA\\uFF25\\u00C8\\u00C9\\u00CA\\u1EC0\\u1EBE\\u1EC4\\u1EC2\\u1EBC\\u0112\\u1E14\\u1E16\\u0114\\u0116\\u00CB\\u1EBA\\u011A\\u0204\\u0206\\u1EB8\\u1EC6\\u0228\\u1E1C\\u0118\\u1E18\\u1E1A\\u0190\\u018E]","F":"[\\u0046\\u24BB\\uFF26\\u1E1E\\u0191\\uA77B]","G":"[\\u0047\\u24BC\\uFF27\\u01F4\\u011C\\u1E20\\u011E\\u0120\\u01E6\\u0122\\u01E4\\u0193\\uA7A0\\uA77D\\uA77E]","H":"[\\u0048\\u24BD\\uFF28\\u0124\\u1E22\\u1E26\\u021E\\u1E24\\u1E28\\u1E2A\\u0126\\u2C67\\u2C75\\uA78D]","I":"[\\u0049\\u24BE\\uFF29\\u00CC\\u00CD\\u00CE\\u0128\\u012A\\u012C\\u0130\\u00CF\\u1E2E\\u1EC8\\u01CF\\u0208\\u020A\\u1ECA\\u012E\\u1E2C\\u0197]","J":"[\\u004A\\u24BF\\uFF2A\\u0134\\u0248]","K":"[\\u004B\\u24C0\\uFF2B\\u1E30\\u01E8\\u1E32\\u0136\\u1E34\\u0198\\u2C69\\uA740\\uA742\\uA744\\uA7A2]","L":"[\\u004C\\u24C1\\uFF2C\\u013F\\u0139\\u013D\\u1E36\\u1E38\\u013B\\u1E3C\\u1E3A\\u0141\\u023D\\u2C62\\u2C60\\uA748\\uA746\\uA780]","LJ":"[\\u01C7]","Lj":"[\\u01C8]","M":"[\\u004D\\u24C2\\uFF2D\\u1E3E\\u1E40\\u1E42\\u2C6E\\u019C]","N":"[\\u004E\\u24C3\\uFF2E\\u01F8\\u0143\\u00D1\\u1E44\\u0147\\u1E46\\u0145\\u1E4A\\u1E48\\u0220\\u019D\\uA790\\uA7A4]","NJ":"[\\u01CA]","Nj":"[\\u01CB]","O":"[\\u004F\\u24C4\\uFF2F\\u00D2\\u00D3\\u00D4\\u1ED2\\u1ED0\\u1ED6\\u1ED4\\u00D5\\u1E4C\\u022C\\u1E4E\\u014C\\u1E50\\u1E52\\u014E\\u022E\\u0230\\u00D6\\u022A\\u1ECE\\u0150\\u01D1\\u020C\\u020E\\u01A0\\u1EDC\\u1EDA\\u1EE0\\u1EDE\\u1EE2\\u1ECC\\u1ED8\\u01EA\\u01EC\\u00D8\\u01FE\\u0186\\u019F\\uA74A\\uA74C]","OI":"[\\u01A2]","OO":"[\\uA74E]","OU":"[\\u0222]","P":"[\\u0050\\u24C5\\uFF30\\u1E54\\u1E56\\u01A4\\u2C63\\uA750\\uA752\\uA754]","Q":"[\\u0051\\u24C6\\uFF31\\uA756\\uA758\\u024A]","R":"[\\u0052\\u24C7\\uFF32\\u0154\\u1E58\\u0158\\u0210\\u0212\\u1E5A\\u1E5C\\u0156\\u1E5E\\u024C\\u2C64\\uA75A\\uA7A6\\uA782]","S":"[\\u0053\\u24C8\\uFF33\\u1E9E\\u015A\\u1E64\\u015C\\u1E60\\u0160\\u1E66\\u1E62\\u1E68\\u0218\\u015E\\u2C7E\\uA7A8\\uA784]","T":"[\\u0054\\u24C9\\uFF34\\u1E6A\\u0164\\u1E6C\\u021A\\u0162\\u1E70\\u1E6E\\u0166\\u01AC\\u01AE\\u023E\\uA786]","TZ":"[\\uA728]","U":"[\\u0055\\u24CA\\uFF35\\u00D9\\u00DA\\u00DB\\u0168\\u1E78\\u016A\\u1E7A\\u016C\\u00DC\\u01DB\\u01D7\\u01D5\\u01D9\\u1EE6\\u016E\\u0170\\u01D3\\u0214\\u0216\\u01AF\\u1EEA\\u1EE8\\u1EEE\\u1EEC\\u1EF0\\u1EE4\\u1E72\\u0172\\u1E76\\u1E74\\u0244]","V":"[\\u0056\\u24CB\\uFF36\\u1E7C\\u1E7E\\u01B2\\uA75E\\u0245]","VY":"[\\uA760]","W":"[\\u0057\\u24CC\\uFF37\\u1E80\\u1E82\\u0174\\u1E86\\u1E84\\u1E88\\u2C72]","X":"[\\u0058\\u24CD\\uFF38\\u1E8A\\u1E8C]","Y":"[\\u0059\\u24CE\\uFF39\\u1EF2\\u00DD\\u0176\\u1EF8\\u0232\\u1E8E\\u0178\\u1EF6\\u1EF4\\u01B3\\u024E\\u1EFE]","Z":"[\\u005A\\u24CF\\uFF3A\\u0179\\u1E90\\u017B\\u017D\\u1E92\\u1E94\\u01B5\\u0224\\u2C7F\\u2C6B\\uA762]","a":"[\\u0061\\u24D0\\uFF41\\u1E9A\\u00E0\\u00E1\\u00E2\\u1EA7\\u1EA5\\u1EAB\\u1EA9\\u00E3\\u0101\\u0103\\u1EB1\\u1EAF\\u1EB5\\u1EB3\\u0227\\u01E1\\u00E4\\u01DF\\u1EA3\\u00E5\\u01FB\\u01CE\\u0201\\u0203\\u1EA1\\u1EAD\\u1EB7\\u1E01\\u0105\\u2C65\\u0250]","aa":"[\\uA733]","ae":"[\\u00E6\\u01FD\\u01E3]","ao":"[\\uA735]","au":"[\\uA737]","av":"[\\uA739\\uA73B]","ay":"[\\uA73D]","b":"[\\u0062\\u24D1\\uFF42\\u1E03\\u1E05\\u1E07\\u0180\\u0183\\u0253]","c":"[\\u0063\\u24D2\\uFF43\\u0107\\u0109\\u010B\\u010D\\u00E7\\u1E09\\u0188\\u023C\\uA73F\\u2184]","d":"[\\u0064\\u24D3\\uFF44\\u1E0B\\u010F\\u1E0D\\u1E11\\u1E13\\u1E0F\\u0111\\u018C\\u0256\\u0257\\uA77A]","dz":"[\\u01F3\\u01C6]","e":"[\\u0065\\u24D4\\uFF45\\u00E8\\u00E9\\u00EA\\u1EC1\\u1EBF\\u1EC5\\u1EC3\\u1EBD\\u0113\\u1E15\\u1E17\\u0115\\u0117\\u00EB\\u1EBB\\u011B\\u0205\\u0207\\u1EB9\\u1EC7\\u0229\\u1E1D\\u0119\\u1E19\\u1E1B\\u0247\\u025B\\u01DD]","f":"[\\u0066\\u24D5\\uFF46\\u1E1F\\u0192\\uA77C]","g":"[\\u0067\\u24D6\\uFF47\\u01F5\\u011D\\u1E21\\u011F\\u0121\\u01E7\\u0123\\u01E5\\u0260\\uA7A1\\u1D79\\uA77F]","h":"[\\u0068\\u24D7\\uFF48\\u0125\\u1E23\\u1E27\\u021F\\u1E25\\u1E29\\u1E2B\\u1E96\\u0127\\u2C68\\u2C76\\u0265]","hv":"[\\u0195]","i":"[\\u0069\\u24D8\\uFF49\\u00EC\\u00ED\\u00EE\\u0129\\u012B\\u012D\\u00EF\\u1E2F\\u1EC9\\u01D0\\u0209\\u020B\\u1ECB\\u012F\\u1E2D\\u0268\\u0131]","j":"[\\u006A\\u24D9\\uFF4A\\u0135\\u01F0\\u0249]","k":"[\\u006B\\u24DA\\uFF4B\\u1E31\\u01E9\\u1E33\\u0137\\u1E35\\u0199\\u2C6A\\uA741\\uA743\\uA745\\uA7A3]","l":"[\\u006C\\u24DB\\uFF4C\\u0140\\u013A\\u013E\\u1E37\\u1E39\\u013C\\u1E3D\\u1E3B\\u017F\\u0142\\u019A\\u026B\\u2C61\\uA749\\uA781\\uA747]","lj":"[\\u01C9]","m":"[\\u006D\\u24DC\\uFF4D\\u1E3F\\u1E41\\u1E43\\u0271\\u026F]","n":"[\\u006E\\u24DD\\uFF4E\\u01F9\\u0144\\u00F1\\u1E45\\u0148\\u1E47\\u0146\\u1E4B\\u1E49\\u019E\\u0272\\u0149\\uA791\\uA7A5]","nj":"[\\u01CC]","o":"[\\u006F\\u24DE\\uFF4F\\u00F2\\u00F3\\u00F4\\u1ED3\\u1ED1\\u1ED7\\u1ED5\\u00F5\\u1E4D\\u022D\\u1E4F\\u014D\\u1E51\\u1E53\\u014F\\u022F\\u0231\\u00F6\\u022B\\u1ECF\\u0151\\u01D2\\u020D\\u020F\\u01A1\\u1EDD\\u1EDB\\u1EE1\\u1EDF\\u1EE3\\u1ECD\\u1ED9\\u01EB\\u01ED\\u00F8\\u01FF\\u0254\\uA74B\\uA74D\\u0275]","oi":"[\\u01A3]","ou":"[\\u0223]","oo":"[\\uA74F]","p":"[\\u0070\\u24DF\\uFF50\\u1E55\\u1E57\\u01A5\\u1D7D\\uA751\\uA753\\uA755]","q":"[\\u0071\\u24E0\\uFF51\\u024B\\uA757\\uA759]","r":"[\\u0072\\u24E1\\uFF52\\u0155\\u1E59\\u0159\\u0211\\u0213\\u1E5B\\u1E5D\\u0157\\u1E5F\\u024D\\u027D\\uA75B\\uA7A7\\uA783]","s":"[\\u0073\\u24E2\\uFF53\\u015B\\u1E65\\u015D\\u1E61\\u0161\\u1E67\\u1E63\\u1E69\\u0219\\u015F\\u023F\\uA7A9\\uA785\\u1E9B]","ss":"[\\u00DF]","t":"[\\u0074\\u24E3\\uFF54\\u1E6B\\u1E97\\u0165\\u1E6D\\u021B\\u0163\\u1E71\\u1E6F\\u0167\\u01AD\\u0288\\u2C66\\uA787]","tz":"[\\uA729]","u":"[\\u0075\\u24E4\\uFF55\\u00F9\\u00FA\\u00FB\\u0169\\u1E79\\u016B\\u1E7B\\u016D\\u00FC\\u01DC\\u01D8\\u01D6\\u01DA\\u1EE7\\u016F\\u0171\\u01D4\\u0215\\u0217\\u01B0\\u1EEB\\u1EE9\\u1EEF\\u1EED\\u1EF1\\u1EE5\\u1E73\\u0173\\u1E77\\u1E75\\u0289]","v":"[\\u0076\\u24E5\\uFF56\\u1E7D\\u1E7F\\u028B\\uA75F\\u028C]","vy":"[\\uA761]","w":"[\\u0077\\u24E6\\uFF57\\u1E81\\u1E83\\u0175\\u1E87\\u1E85\\u1E98\\u1E89\\u2C73]","x":"[\\u0078\\u24E7\\uFF58\\u1E8B\\u1E8D]","y":"[\\u0079\\u24E8\\uFF59\\u1EF3\\u00FD\\u0177\\u1EF9\\u0233\\u1E8F\\u00FF\\u1EF7\\u1E99\\u1EF5\\u01B4\\u024F\\u1EFF]","z":"[\\u007A\\u24E9\\uFF5A\\u017A\\u1E91\\u017C\\u017E\\u1E93\\u1E95\\u01B6\\u0225\\u0240\\u2C6C\\uA763]"},"researchesTests":["contentHasTOC","contentHasShortParagraphs","contentHasAssets","keywordInTitle","keywordInMetaDescription","keywordInPermalink","keywordIn10Percent","keywordInContent","keywordInSubheadings","keywordInImageAlt","keywordDensity","keywordNotUsed","lengthContent","lengthPermalink","linksHasInternal","linksHasExternals","linksNotAllExternals","titleStartWithKeyword","titleSentiment","titleHasPowerWords","titleHasNumber","hasContentAI"],"hasRedirection":false,"hasBreadcrumb":false},"homeUrl":"https:\/\/axlac.ch\/fr","objectID":24647,"objectType":"post","locale":"fr","localeFull":"fr_FR","overlayImages":{"play":{"name":"Ic\u00f4ne de lecture","url":"https:\/\/axlac.ch\/wp-content\/plugins\/seo-by-rank-math\/assets\/admin\/img\/icon-play.png","path":"\/home\/u610310974\/domains\/axlac.ch\/public_html\/wp-content\/plugins\/seo-by-rank-math\/assets\/admin\/img\/icon-play.png","position":"middle_center"},"gif":{"name":"Ic\u00f4ne GIF","url":"https:\/\/axlac.ch\/wp-content\/plugins\/seo-by-rank-math\/assets\/admin\/img\/icon-gif.png","path":"\/home\/u610310974\/domains\/axlac.ch\/public_html\/wp-content\/plugins\/seo-by-rank-math\/assets\/admin\/img\/icon-gif.png","position":"middle_center"}},"defautOgImage":"https:\/\/axlac.ch\/wp-content\/plugins\/seo-by-rank-math\/assets\/admin\/img\/social-placeholder.jpg","customPermalinks":true,"isUserRegistered":false,"autoSuggestKeywords":false,"connectSiteUrl":"https:\/\/rankmath.com\/auth?site=https%3A%2F%2Faxlac.ch%2Ffr&r=https%3A%2F%2Faxlac.ch%2Ffr%2Fwp-json%2Fwp%2Fv2%2Fpages%2F24647%3Fnonce%3D85c76b6ed1","maxTags":5,"trendsIcon":"<svg viewBox=\"0 0 610 610\"><path d=\"M18.85,446,174.32,290.48l58.08,58.08L76.93,504a14.54,14.54,0,0,1-20.55,0L18.83,466.48a14.54,14.54,0,0,1,0-20.55Z\" style=\"fill:#4285f4\"\/><path d=\"M242.65,242.66,377.59,377.6l-47.75,47.75a14.54,14.54,0,0,1-20.55,0L174.37,290.43l47.75-47.75A14.52,14.52,0,0,1,242.65,242.66Z\" style=\"fill:#ea4335\"\/><polygon points=\"319.53 319.53 479.26 159.8 537.34 217.88 377.61 377.62 319.53 319.53\" style=\"fill:#fabb05\"\/><path d=\"M594.26,262.73V118.61h0a16.94,16.94,0,0,0-16.94-16.94H433.2a16.94,16.94,0,0,0-12,28.92L565.34,274.71h0a16.94,16.94,0,0,0,28.92-12Z\" style=\"fill:#34a853\"\/><rect width=\"610\" height=\"610\" style=\"fill:none\"\/><\/svg>","showScore":true,"siteFavIcon":"https:\/\/axlac.ch\/wp-content\/uploads\/2024\/02\/Adsiz-tasarim-4-150x150.png","canUser":{"general":false,"advanced":false,"snippet":false,"social":false,"analysis":false,"analytics":false,"content_ai":false},"isPro":false,"is_front_page":false,"trendsUpgradeLink":"https:\/\/rankmath.com\/pricing\/?utm_source=Plugin&utm_medium=CE%20General%20Tab%20Trends&utm_campaign=WP","trendsUpgradeLabel":"Mettre \u00e0 niveau","trendsPreviewImage":"https:\/\/axlac.ch\/wp-content\/plugins\/seo-by-rank-math\/assets\/admin\/img\/trends-preview.jpg","currentEditor":false,"homepageData":{"assessor":{"powerWords":["absolument","amazement","astonishing","authentique","beau","bien-\u00eatre","brillant","captivant","charismatique","choc","clair","compl\u00e8tement","confidentiel","confiance","cons\u00e9quent","cr\u00e9atif","d\u00e9finitivement","d\u00e9licieux","d\u00e9montrer","d\u00e9p\u00eachez-vous","d\u00e9termin\u00e9","digne","dynamique","\u00e9blouissant","\u00e9clatant","\u00e9conomique","\u00e9fficace","\u00e9l\u00e9gant","\u00e9motionnel","\u00e9nergique","\u00e9norme","\u00e9poustouflant","essentiel","\u00e9tonnant","exclusif","exp\u00e9rience","fabuleux","fantastique","formidable","fort","garanti","g\u00e9ant","g\u00e9n\u00e9reux","grandiose","gratuit","habile","harmonieux","historique","hors pair","important","incroyable","indispensable","inoubliable","inspirant","innovant","intense","invention","irr\u00e9sistible","l\u00e9gendaire","lumineux","luxe","magique","magnifique","majestueux","marquant","merveilleux","miraculeux","motivant","n\u00e9cessaire","nouvelle","officiel","parfait","passionn\u00e9","persuasif","ph\u00e9nom\u00e9nal","plaisir","populaire","pouvoir","prestigieux","prodigieux","profond","prosp\u00e8re","puissant","qualit\u00e9","radieux","rapide","r\u00e9ussi","r\u00e9volutionnaire","satisfait","s\u00e9curit\u00e9","sensationnel","serein","somptueux","splendide","sublime","surprenant","talentueux","terrifiant","unique","valeur","vibrant","victorieux","vif","vraiment","z\u00e9l\u00e9"],"diacritics":true,"researchesTests":["contentHasTOC","contentHasShortParagraphs","contentHasAssets","keywordInTitle","keywordInMetaDescription","keywordInPermalink","keywordIn10Percent","keywordInContent","keywordInSubheadings","keywordInImageAlt","keywordDensity","keywordNotUsed","lengthContent","lengthPermalink","linksHasInternal","linksHasExternals","linksNotAllExternals","titleStartWithKeyword","titleSentiment","titleHasPowerWords","titleHasNumber","hasContentAI"],"hasBreadcrumb":false,"serpData":{"title":"%sitename% %page% %sep% %sitedesc%","description":"","titleTemplate":"%sitename% %page% %sep% %sitedesc%","descriptionTemplate":"","focusKeywords":"","breadcrumbTitle":"Home","robots":{"index":true},"advancedRobots":[],"facebookTitle":"","facebookDescription":"","facebookImage":"","facebookImageID":""}}},"tocTitle":"Table of Contents","tocExcludeHeadings":[],"listStyle":"ul"},"_links":{"self":[{"href":"https:\/\/axlac.ch\/fr\/wp-json\/wp\/v2\/pages\/24647","targetHints":{"allow":["GET"]}}],"collection":[{"href":"https:\/\/axlac.ch\/fr\/wp-json\/wp\/v2\/pages"}],"about":[{"href":"https:\/\/axlac.ch\/fr\/wp-json\/wp\/v2\/types\/page"}],"author":[{"embeddable":true,"href":"https:\/\/axlac.ch\/fr\/wp-json\/wp\/v2\/users\/1"}],"replies":[{"embeddable":true,"href":"https:\/\/axlac.ch\/fr\/wp-json\/wp\/v2\/comments?post=24647"}],"version-history":[{"count":1,"href":"https:\/\/axlac.ch\/fr\/wp-json\/wp\/v2\/pages\/24647\/revisions"}],"predecessor-version":[{"id":24648,"href":"https:\/\/axlac.ch\/fr\/wp-json\/wp\/v2\/pages\/24647\/revisions\/24648"}],"wp:featuredmedia":[{"embeddable":true,"href":"https:\/\/axlac.ch\/fr\/wp-json\/wp\/v2\/media\/24584"}],"wp:attachment":[{"href":"https:\/\/axlac.ch\/fr\/wp-json\/wp\/v2\/media?parent=24647"}],"curies":[{"name":"wp","href":"https:\/\/api.w.org\/{rel}","templated":true}]}}